{"id":221361,"date":"2026-03-04T04:56:11","date_gmt":"2026-03-04T03:56:11","guid":{"rendered":"https:\/\/grupotextil.es\/producto\/bidon-de-acero-inoxidable-y-bambu-natural-stamina-kinata-4032\/"},"modified":"2026-03-04T06:15:55","modified_gmt":"2026-03-04T05:15:55","slug":"bidon-de-acero-inoxidable-y-bambu-natural-stamina-kinata-4032","status":"publish","type":"product","link":"https:\/\/grupotextil.es\/en\/product\/bidon-de-acero-inoxidable-y-bambu-natural-stamina-kinata-4032\/","title":{"rendered":"Bid\u00f3n de Acero Inoxidable y Bamb\u00fa Natural Stamina Kinata 4032"},"content":{"rendered":"<p>Termo de acero inoxidable 304 con doble pared con infusor de t\u00e9 adicional extra\u00edble. Pared exterior en bamb\u00fa. Capacidad 500 ml. Con el termo Kinata, se acab\u00f3 tomar el caf\u00e9 fr\u00edo.<\/p>","protected":false},"excerpt":{"rendered":"<p>Termo de acero inoxidable 304 con doble pared con infusor de t\u00e9 adicional extra\u00edble. Pared exterior en bamb\u00fa. Capacidad 500 ml. Con el termo Kinata, se acab\u00f3 tomar el caf\u00e9 fr\u00edo.<\/p>","protected":false},"featured_media":221362,"comment_status":"open","ping_status":"closed","template":"","meta":{"_acf_changed":false},"product_brand":[14012],"product_cat":[13958,14006,13971],"product_tag":[],"class_list":{"0":"post-221361","1":"product","2":"type-product","3":"status-publish","4":"has-post-thumbnail","6":"product_brand-stamina","7":"product_cat-mr-botellas-y-termos","8":"product_cat-acc-merchandising","9":"product_cat-mr-tazas","10":"tm-no-options","12":"first","13":"instock","14":"taxable","15":"shipping-taxable","16":"product-type-variable"},"acf":[],"_links":{"self":[{"href":"https:\/\/grupotextil.es\/en\/wp-json\/wp\/v2\/product\/221361","targetHints":{"allow":["GET"]}}],"collection":[{"href":"https:\/\/grupotextil.es\/en\/wp-json\/wp\/v2\/product"}],"about":[{"href":"https:\/\/grupotextil.es\/en\/wp-json\/wp\/v2\/types\/product"}],"replies":[{"embeddable":true,"href":"https:\/\/grupotextil.es\/en\/wp-json\/wp\/v2\/comments?post=221361"}],"wp:featuredmedia":[{"embeddable":true,"href":"https:\/\/grupotextil.es\/en\/wp-json\/wp\/v2\/media\/221362"}],"wp:attachment":[{"href":"https:\/\/grupotextil.es\/en\/wp-json\/wp\/v2\/media?parent=221361"}],"wp:term":[{"taxonomy":"product_brand","embeddable":true,"href":"https:\/\/grupotextil.es\/en\/wp-json\/wp\/v2\/product_brand?post=221361"},{"taxonomy":"product_cat","embeddable":true,"href":"https:\/\/grupotextil.es\/en\/wp-json\/wp\/v2\/product_cat?post=221361"},{"taxonomy":"product_tag","embeddable":true,"href":"https:\/\/grupotextil.es\/en\/wp-json\/wp\/v2\/product_tag?post=221361"}],"curies":[{"name":"wp","href":"https:\/\/api.w.org\/{rel}","templated":true}]}}