{"id":221428,"date":"2026-03-04T04:57:52","date_gmt":"2026-03-04T03:57:52","guid":{"rendered":"https:\/\/grupotextil.es\/producto\/gorro-navideno-stamina-santa-1300\/"},"modified":"2026-03-04T06:15:56","modified_gmt":"2026-03-04T05:15:56","slug":"gorro-navideno-stamina-santa-1300","status":"publish","type":"product","link":"https:\/\/grupotextil.es\/en\/product\/gorro-navideno-stamina-santa-1300\/","title":{"rendered":"Gorro Navide\u00f1o Stamina Santa 1300"},"content":{"rendered":"<p>Gorro navide\u00f1o de talla \u00fanica. De color liso con borla y banda blanca. Perfecto para cualquier celebraci\u00f3n durante tan se\u00f1aladas fechas.<\/p>","protected":false},"excerpt":{"rendered":"<p>Gorro navide\u00f1o de talla \u00fanica. De color liso con borla y banda blanca. Perfecto para cualquier celebraci\u00f3n durante tan se\u00f1aladas fechas.<\/p>","protected":false},"featured_media":221429,"comment_status":"open","ping_status":"closed","template":"","meta":{"_acf_changed":false},"product_brand":[14012],"product_cat":[13949],"product_tag":[],"class_list":{"0":"post-221428","1":"product","2":"type-product","3":"status-publish","4":"has-post-thumbnail","6":"product_brand-stamina","7":"product_cat-acc-gorras-y-sombreros","8":"tm-no-options","10":"first","11":"instock","12":"taxable","13":"shipping-taxable","14":"product-type-variable"},"acf":[],"_links":{"self":[{"href":"https:\/\/grupotextil.es\/en\/wp-json\/wp\/v2\/product\/221428","targetHints":{"allow":["GET"]}}],"collection":[{"href":"https:\/\/grupotextil.es\/en\/wp-json\/wp\/v2\/product"}],"about":[{"href":"https:\/\/grupotextil.es\/en\/wp-json\/wp\/v2\/types\/product"}],"replies":[{"embeddable":true,"href":"https:\/\/grupotextil.es\/en\/wp-json\/wp\/v2\/comments?post=221428"}],"wp:featuredmedia":[{"embeddable":true,"href":"https:\/\/grupotextil.es\/en\/wp-json\/wp\/v2\/media\/221429"}],"wp:attachment":[{"href":"https:\/\/grupotextil.es\/en\/wp-json\/wp\/v2\/media?parent=221428"}],"wp:term":[{"taxonomy":"product_brand","embeddable":true,"href":"https:\/\/grupotextil.es\/en\/wp-json\/wp\/v2\/product_brand?post=221428"},{"taxonomy":"product_cat","embeddable":true,"href":"https:\/\/grupotextil.es\/en\/wp-json\/wp\/v2\/product_cat?post=221428"},{"taxonomy":"product_tag","embeddable":true,"href":"https:\/\/grupotextil.es\/en\/wp-json\/wp\/v2\/product_tag?post=221428"}],"curies":[{"name":"wp","href":"https:\/\/api.w.org\/{rel}","templated":true}]}}