{"id":221466,"date":"2026-03-04T04:58:43","date_gmt":"2026-03-04T03:58:43","guid":{"rendered":"https:\/\/grupotextil.es\/producto\/adorno-navideno-stamina-carol-1310\/"},"modified":"2026-03-04T06:15:56","modified_gmt":"2026-03-04T05:15:56","slug":"adorno-navideno-stamina-carol-1310","status":"publish","type":"product","link":"https:\/\/grupotextil.es\/en\/product\/adorno-navideno-stamina-carol-1310\/","title":{"rendered":"Adorno Navide\u00f1o Stamina Carol 1310"},"content":{"rendered":"<p>Set de adornos navide\u00f1os de fieltro, en el que se incluyen tres dise\u00f1os: estrella, \u00e1rbol y reno. Las tres figuras se presentan con un cordel rojo y una cuenta del mismo color en su extremo.<\/p>","protected":false},"excerpt":{"rendered":"<p>Set de adornos navide\u00f1os de fieltro, en el que se incluyen tres dise\u00f1os: estrella, \u00e1rbol y reno. Las tres figuras se presentan con un cordel rojo y una cuenta del mismo color en su extremo.<\/p>","protected":false},"featured_media":221467,"comment_status":"open","ping_status":"closed","template":"","meta":{"_acf_changed":false},"product_brand":[14012],"product_cat":[13973],"product_tag":[],"class_list":{"0":"post-221466","1":"product","2":"type-product","3":"status-publish","4":"has-post-thumbnail","6":"product_brand-stamina","7":"product_cat-ropa","8":"tm-no-options","10":"first","11":"instock","12":"taxable","13":"shipping-taxable","14":"product-type-variable"},"acf":[],"_links":{"self":[{"href":"https:\/\/grupotextil.es\/en\/wp-json\/wp\/v2\/product\/221466","targetHints":{"allow":["GET"]}}],"collection":[{"href":"https:\/\/grupotextil.es\/en\/wp-json\/wp\/v2\/product"}],"about":[{"href":"https:\/\/grupotextil.es\/en\/wp-json\/wp\/v2\/types\/product"}],"replies":[{"embeddable":true,"href":"https:\/\/grupotextil.es\/en\/wp-json\/wp\/v2\/comments?post=221466"}],"wp:featuredmedia":[{"embeddable":true,"href":"https:\/\/grupotextil.es\/en\/wp-json\/wp\/v2\/media\/221467"}],"wp:attachment":[{"href":"https:\/\/grupotextil.es\/en\/wp-json\/wp\/v2\/media?parent=221466"}],"wp:term":[{"taxonomy":"product_brand","embeddable":true,"href":"https:\/\/grupotextil.es\/en\/wp-json\/wp\/v2\/product_brand?post=221466"},{"taxonomy":"product_cat","embeddable":true,"href":"https:\/\/grupotextil.es\/en\/wp-json\/wp\/v2\/product_cat?post=221466"},{"taxonomy":"product_tag","embeddable":true,"href":"https:\/\/grupotextil.es\/en\/wp-json\/wp\/v2\/product_tag?post=221466"}],"curies":[{"name":"wp","href":"https:\/\/api.w.org\/{rel}","templated":true}]}}