{"id":221472,"date":"2026-03-04T04:58:51","date_gmt":"2026-03-04T03:58:51","guid":{"rendered":"https:\/\/grupotextil.es\/producto\/adorno-navideno-stamina-abend-1302\/"},"modified":"2026-03-04T06:15:56","modified_gmt":"2026-03-04T05:15:56","slug":"adorno-navideno-stamina-abend-1302","status":"publish","type":"product","link":"https:\/\/grupotextil.es\/en\/product\/adorno-navideno-stamina-abend-1302\/","title":{"rendered":"Adorno Navide\u00f1o Stamina Abend 1302"},"content":{"rendered":"<p>Adorno navide\u00f1o de fieltro. Disponible en tres dise\u00f1os: copo de nieve, \u00e1rbol y reno. Todos los dise\u00f1os se presentan con cordel marr\u00f3n y cuenta roja en su extremo.<\/p>\n<p>Tama\u00f1os:<\/p>\n<p>\u2013 \u00c1rbol: 10.1 x 0.3 x 8.3 cm<\/p>\n<p>\u2013 Reno: 9.2 x 0.3 x 8 cm<\/p>\n<p>\u2013 Copo de nieve: 9 x 0.3 x 9<\/p>","protected":false},"excerpt":{"rendered":"<p>Adorno navide\u00f1o de fieltro. Disponible en tres dise\u00f1os: copo de nieve, \u00e1rbol y reno. Todos los dise\u00f1os se presentan con cordel marr\u00f3n y cuenta roja en su extremo.<\/p>\n<p>Tama\u00f1os:<\/p>\n<p>\u2013 \u00c1rbol: 10.1 x 0.3 x 8.3 cm<\/p>\n<p>\u2013 Reno: 9.2 x 0.3 x 8 cm<\/p>\n<p>\u2013 Copo de nieve: 9 x 0.3 x 9<\/p>","protected":false},"featured_media":221473,"comment_status":"open","ping_status":"closed","template":"","meta":{"_acf_changed":false},"product_brand":[14012],"product_cat":[13973],"product_tag":[],"class_list":{"0":"post-221472","1":"product","2":"type-product","3":"status-publish","4":"has-post-thumbnail","6":"product_brand-stamina","7":"product_cat-ropa","8":"tm-no-options","10":"first","11":"instock","12":"taxable","13":"shipping-taxable","14":"product-type-variable"},"acf":[],"_links":{"self":[{"href":"https:\/\/grupotextil.es\/en\/wp-json\/wp\/v2\/product\/221472","targetHints":{"allow":["GET"]}}],"collection":[{"href":"https:\/\/grupotextil.es\/en\/wp-json\/wp\/v2\/product"}],"about":[{"href":"https:\/\/grupotextil.es\/en\/wp-json\/wp\/v2\/types\/product"}],"replies":[{"embeddable":true,"href":"https:\/\/grupotextil.es\/en\/wp-json\/wp\/v2\/comments?post=221472"}],"wp:featuredmedia":[{"embeddable":true,"href":"https:\/\/grupotextil.es\/en\/wp-json\/wp\/v2\/media\/221473"}],"wp:attachment":[{"href":"https:\/\/grupotextil.es\/en\/wp-json\/wp\/v2\/media?parent=221472"}],"wp:term":[{"taxonomy":"product_brand","embeddable":true,"href":"https:\/\/grupotextil.es\/en\/wp-json\/wp\/v2\/product_brand?post=221472"},{"taxonomy":"product_cat","embeddable":true,"href":"https:\/\/grupotextil.es\/en\/wp-json\/wp\/v2\/product_cat?post=221472"},{"taxonomy":"product_tag","embeddable":true,"href":"https:\/\/grupotextil.es\/en\/wp-json\/wp\/v2\/product_tag?post=221472"}],"curies":[{"name":"wp","href":"https:\/\/api.w.org\/{rel}","templated":true}]}}