{"id":221505,"date":"2026-03-04T04:59:28","date_gmt":"2026-03-04T03:59:28","guid":{"rendered":"https:\/\/grupotextil.es\/producto\/reloj-inteligente-stamina-draco-3401\/"},"modified":"2026-03-04T06:15:56","modified_gmt":"2026-03-04T05:15:56","slug":"reloj-inteligente-stamina-draco-3401","status":"publish","type":"product","link":"https:\/\/grupotextil.es\/en\/product\/reloj-inteligente-stamina-draco-3401\/","title":{"rendered":"Reloj Inteligente Stamina Draco 3401"},"content":{"rendered":"<p>Pulsera de actividad con cuerpo en TPU y pantalla a color TFT con correa ajustable de silicona. El cuerpo y pulsera son desmontables. Cuenta con funci\u00f3n de notificaciones de redes sociales, alarma, fotograf\u00eda remota, puls\u00f3metro, monitorizaci\u00f3n de deporte y sue\u00f1o, entre otras. Con conexi\u00f3n Bluetooth mediante APP para iOS y Android.<\/p>","protected":false},"excerpt":{"rendered":"<p>Pulsera de actividad con cuerpo en TPU y pantalla a color TFT con correa ajustable de silicona. El cuerpo y pulsera son desmontables. Cuenta con funci\u00f3n de notificaciones de redes sociales, alarma, fotograf\u00eda remota, puls\u00f3metro, monitorizaci\u00f3n de deporte y sue\u00f1o, entre otras. Con conexi\u00f3n Bluetooth mediante APP para iOS y Android.<\/p>","protected":false},"featured_media":221506,"comment_status":"open","ping_status":"closed","template":"","meta":{"_acf_changed":false},"product_brand":[14012],"product_cat":[14006,13959],"product_tag":[],"class_list":{"0":"post-221505","1":"product","2":"type-product","3":"status-publish","4":"has-post-thumbnail","6":"product_brand-stamina","7":"product_cat-acc-merchandising","8":"product_cat-mr-tecnologia","9":"tm-no-options","11":"first","12":"instock","13":"taxable","14":"shipping-taxable","15":"product-type-variable"},"acf":[],"_links":{"self":[{"href":"https:\/\/grupotextil.es\/en\/wp-json\/wp\/v2\/product\/221505","targetHints":{"allow":["GET"]}}],"collection":[{"href":"https:\/\/grupotextil.es\/en\/wp-json\/wp\/v2\/product"}],"about":[{"href":"https:\/\/grupotextil.es\/en\/wp-json\/wp\/v2\/types\/product"}],"replies":[{"embeddable":true,"href":"https:\/\/grupotextil.es\/en\/wp-json\/wp\/v2\/comments?post=221505"}],"wp:featuredmedia":[{"embeddable":true,"href":"https:\/\/grupotextil.es\/en\/wp-json\/wp\/v2\/media\/221506"}],"wp:attachment":[{"href":"https:\/\/grupotextil.es\/en\/wp-json\/wp\/v2\/media?parent=221505"}],"wp:term":[{"taxonomy":"product_brand","embeddable":true,"href":"https:\/\/grupotextil.es\/en\/wp-json\/wp\/v2\/product_brand?post=221505"},{"taxonomy":"product_cat","embeddable":true,"href":"https:\/\/grupotextil.es\/en\/wp-json\/wp\/v2\/product_cat?post=221505"},{"taxonomy":"product_tag","embeddable":true,"href":"https:\/\/grupotextil.es\/en\/wp-json\/wp\/v2\/product_tag?post=221505"}],"curies":[{"name":"wp","href":"https:\/\/api.w.org\/{rel}","templated":true}]}}