{"id":221514,"date":"2026-03-04T04:59:39","date_gmt":"2026-03-04T03:59:39","guid":{"rendered":"https:\/\/grupotextil.es\/producto\/taza-de-ceramica-stamina-yuca-4005\/"},"modified":"2026-03-04T06:15:56","modified_gmt":"2026-03-04T05:15:56","slug":"taza-de-ceramica-stamina-yuca-4005","status":"publish","type":"product","link":"https:\/\/grupotextil.es\/en\/product\/taza-de-ceramica-stamina-yuca-4005\/","title":{"rendered":"Taza de Cer\u00e1mica Stamina Yuca 4005"},"content":{"rendered":"<p>Taza de cer\u00e1mica con capacidad de 370 ml. Perfecta taza para personalizar con un dise\u00f1o creativo.<\/p>","protected":false},"excerpt":{"rendered":"<p>Taza de cer\u00e1mica con capacidad de 370 ml. Perfecta taza para personalizar con un dise\u00f1o creativo.<\/p>","protected":false},"featured_media":221515,"comment_status":"open","ping_status":"closed","template":"","meta":{"_acf_changed":false},"product_brand":[14012],"product_cat":[14006,13971],"product_tag":[],"class_list":{"0":"post-221514","1":"product","2":"type-product","3":"status-publish","4":"has-post-thumbnail","6":"product_brand-stamina","7":"product_cat-acc-merchandising","8":"product_cat-mr-tazas","9":"tm-no-options","11":"first","12":"instock","13":"taxable","14":"shipping-taxable","15":"product-type-variable"},"acf":[],"_links":{"self":[{"href":"https:\/\/grupotextil.es\/en\/wp-json\/wp\/v2\/product\/221514","targetHints":{"allow":["GET"]}}],"collection":[{"href":"https:\/\/grupotextil.es\/en\/wp-json\/wp\/v2\/product"}],"about":[{"href":"https:\/\/grupotextil.es\/en\/wp-json\/wp\/v2\/types\/product"}],"replies":[{"embeddable":true,"href":"https:\/\/grupotextil.es\/en\/wp-json\/wp\/v2\/comments?post=221514"}],"wp:featuredmedia":[{"embeddable":true,"href":"https:\/\/grupotextil.es\/en\/wp-json\/wp\/v2\/media\/221515"}],"wp:attachment":[{"href":"https:\/\/grupotextil.es\/en\/wp-json\/wp\/v2\/media?parent=221514"}],"wp:term":[{"taxonomy":"product_brand","embeddable":true,"href":"https:\/\/grupotextil.es\/en\/wp-json\/wp\/v2\/product_brand?post=221514"},{"taxonomy":"product_cat","embeddable":true,"href":"https:\/\/grupotextil.es\/en\/wp-json\/wp\/v2\/product_cat?post=221514"},{"taxonomy":"product_tag","embeddable":true,"href":"https:\/\/grupotextil.es\/en\/wp-json\/wp\/v2\/product_tag?post=221514"}],"curies":[{"name":"wp","href":"https:\/\/api.w.org\/{rel}","templated":true}]}}