{"id":221529,"date":"2026-03-04T05:00:00","date_gmt":"2026-03-04T04:00:00","guid":{"rendered":"https:\/\/grupotextil.es\/producto\/taza-stamina-jack-4010\/"},"modified":"2026-03-04T06:15:57","modified_gmt":"2026-03-04T05:15:57","slug":"taza-stamina-jack-4010","status":"publish","type":"product","link":"https:\/\/grupotextil.es\/en\/product\/taza-stamina-jack-4010\/","title":{"rendered":"Taza Stamina Jack 4010"},"content":{"rendered":"<p>Taza de cer\u00e1mica de estilo retro con asa redonda. Capacidad 300 ml. Combina dise\u00f1o y funcionalidad con el interior en negro y cuerpo exterior en color con asa a juego. Una opci\u00f3n perfecta para distintos tipos de t\u00e9s o infusiones.<\/p>","protected":false},"excerpt":{"rendered":"<p>Taza de cer\u00e1mica de estilo retro con asa redonda. Capacidad 300 ml. Combina dise\u00f1o y funcionalidad con el interior en negro y cuerpo exterior en color con asa a juego. Una opci\u00f3n perfecta para distintos tipos de t\u00e9s o infusiones.<\/p>","protected":false},"featured_media":221530,"comment_status":"open","ping_status":"closed","template":"","meta":{"_acf_changed":false},"product_brand":[14012],"product_cat":[14006,13971],"product_tag":[],"class_list":{"0":"post-221529","1":"product","2":"type-product","3":"status-publish","4":"has-post-thumbnail","6":"product_brand-stamina","7":"product_cat-acc-merchandising","8":"product_cat-mr-tazas","9":"tm-no-options","11":"first","12":"instock","13":"taxable","14":"shipping-taxable","15":"product-type-variable"},"acf":[],"_links":{"self":[{"href":"https:\/\/grupotextil.es\/en\/wp-json\/wp\/v2\/product\/221529","targetHints":{"allow":["GET"]}}],"collection":[{"href":"https:\/\/grupotextil.es\/en\/wp-json\/wp\/v2\/product"}],"about":[{"href":"https:\/\/grupotextil.es\/en\/wp-json\/wp\/v2\/types\/product"}],"replies":[{"embeddable":true,"href":"https:\/\/grupotextil.es\/en\/wp-json\/wp\/v2\/comments?post=221529"}],"wp:featuredmedia":[{"embeddable":true,"href":"https:\/\/grupotextil.es\/en\/wp-json\/wp\/v2\/media\/221530"}],"wp:attachment":[{"href":"https:\/\/grupotextil.es\/en\/wp-json\/wp\/v2\/media?parent=221529"}],"wp:term":[{"taxonomy":"product_brand","embeddable":true,"href":"https:\/\/grupotextil.es\/en\/wp-json\/wp\/v2\/product_brand?post=221529"},{"taxonomy":"product_cat","embeddable":true,"href":"https:\/\/grupotextil.es\/en\/wp-json\/wp\/v2\/product_cat?post=221529"},{"taxonomy":"product_tag","embeddable":true,"href":"https:\/\/grupotextil.es\/en\/wp-json\/wp\/v2\/product_tag?post=221529"}],"curies":[{"name":"wp","href":"https:\/\/api.w.org\/{rel}","templated":true}]}}