{"id":221573,"date":"2026-03-04T05:00:56","date_gmt":"2026-03-04T04:00:56","guid":{"rendered":"https:\/\/grupotextil.es\/producto\/sacacorchos-stamina-syrah-4076\/"},"modified":"2026-03-04T06:15:57","modified_gmt":"2026-03-04T05:15:57","slug":"sacacorchos-stamina-syrah-4076","status":"publish","type":"product","link":"https:\/\/grupotextil.es\/en\/product\/sacacorchos-stamina-syrah-4076\/","title":{"rendered":"Sacacorchos Stamina Syrah 4076"},"content":{"rendered":"<p>Sacacorchos met\u00e1lico con original dise\u00f1o en forma de botella en pl\u00e1stico.<\/p>","protected":false},"excerpt":{"rendered":"<p>Sacacorchos met\u00e1lico con original dise\u00f1o en forma de botella en pl\u00e1stico.<\/p>","protected":false},"featured_media":221574,"comment_status":"open","ping_status":"closed","template":"","meta":{"_acf_changed":false},"product_brand":[14012],"product_cat":[14006,13971],"product_tag":[],"class_list":{"0":"post-221573","1":"product","2":"type-product","3":"status-publish","4":"has-post-thumbnail","6":"product_brand-stamina","7":"product_cat-acc-merchandising","8":"product_cat-mr-tazas","9":"tm-no-options","11":"first","12":"outofstock","13":"taxable","14":"shipping-taxable","15":"product-type-variable"},"acf":[],"_links":{"self":[{"href":"https:\/\/grupotextil.es\/en\/wp-json\/wp\/v2\/product\/221573","targetHints":{"allow":["GET"]}}],"collection":[{"href":"https:\/\/grupotextil.es\/en\/wp-json\/wp\/v2\/product"}],"about":[{"href":"https:\/\/grupotextil.es\/en\/wp-json\/wp\/v2\/types\/product"}],"replies":[{"embeddable":true,"href":"https:\/\/grupotextil.es\/en\/wp-json\/wp\/v2\/comments?post=221573"}],"wp:featuredmedia":[{"embeddable":true,"href":"https:\/\/grupotextil.es\/en\/wp-json\/wp\/v2\/media\/221574"}],"wp:attachment":[{"href":"https:\/\/grupotextil.es\/en\/wp-json\/wp\/v2\/media?parent=221573"}],"wp:term":[{"taxonomy":"product_brand","embeddable":true,"href":"https:\/\/grupotextil.es\/en\/wp-json\/wp\/v2\/product_brand?post=221573"},{"taxonomy":"product_cat","embeddable":true,"href":"https:\/\/grupotextil.es\/en\/wp-json\/wp\/v2\/product_cat?post=221573"},{"taxonomy":"product_tag","embeddable":true,"href":"https:\/\/grupotextil.es\/en\/wp-json\/wp\/v2\/product_tag?post=221573"}],"curies":[{"name":"wp","href":"https:\/\/api.w.org\/{rel}","templated":true}]}}