{"id":221633,"date":"2026-03-04T05:02:24","date_gmt":"2026-03-04T04:02:24","guid":{"rendered":"https:\/\/grupotextil.es\/producto\/llavero-metalico-stamina-mineral-4051\/"},"modified":"2026-03-04T06:15:57","modified_gmt":"2026-03-04T05:15:57","slug":"llavero-metalico-stamina-mineral-4051","status":"publish","type":"product","link":"https:\/\/grupotextil.es\/en\/product\/llavero-metalico-stamina-mineral-4051\/","title":{"rendered":"Llavero Met\u00e1lico Stamina Mineral 4051"},"content":{"rendered":"<p>Llavero met\u00e1lico con tira de color en poli\u00e9ster.<\/p>","protected":false},"excerpt":{"rendered":"<p>Llavero met\u00e1lico con tira de color en poli\u00e9ster.<\/p>","protected":false},"featured_media":221634,"comment_status":"open","ping_status":"closed","template":"","meta":{"_acf_changed":false},"product_brand":[14012],"product_cat":[13960,14006],"product_tag":[],"class_list":{"0":"post-221633","1":"product","2":"type-product","3":"status-publish","4":"has-post-thumbnail","6":"product_brand-stamina","7":"product_cat-mr-llaveros","8":"product_cat-acc-merchandising","9":"tm-no-options","11":"first","12":"instock","13":"taxable","14":"shipping-taxable","15":"product-type-variable"},"acf":[],"_links":{"self":[{"href":"https:\/\/grupotextil.es\/en\/wp-json\/wp\/v2\/product\/221633","targetHints":{"allow":["GET"]}}],"collection":[{"href":"https:\/\/grupotextil.es\/en\/wp-json\/wp\/v2\/product"}],"about":[{"href":"https:\/\/grupotextil.es\/en\/wp-json\/wp\/v2\/types\/product"}],"replies":[{"embeddable":true,"href":"https:\/\/grupotextil.es\/en\/wp-json\/wp\/v2\/comments?post=221633"}],"wp:featuredmedia":[{"embeddable":true,"href":"https:\/\/grupotextil.es\/en\/wp-json\/wp\/v2\/media\/221634"}],"wp:attachment":[{"href":"https:\/\/grupotextil.es\/en\/wp-json\/wp\/v2\/media?parent=221633"}],"wp:term":[{"taxonomy":"product_brand","embeddable":true,"href":"https:\/\/grupotextil.es\/en\/wp-json\/wp\/v2\/product_brand?post=221633"},{"taxonomy":"product_cat","embeddable":true,"href":"https:\/\/grupotextil.es\/en\/wp-json\/wp\/v2\/product_cat?post=221633"},{"taxonomy":"product_tag","embeddable":true,"href":"https:\/\/grupotextil.es\/en\/wp-json\/wp\/v2\/product_tag?post=221633"}],"curies":[{"name":"wp","href":"https:\/\/api.w.org\/{rel}","templated":true}]}}