{"id":221766,"date":"2026-03-04T05:05:24","date_gmt":"2026-03-04T04:05:24","guid":{"rendered":"https:\/\/grupotextil.es\/producto\/libreta-con-espiral-y-tapa-rigida-stamina-lien-8074\/"},"modified":"2026-03-04T06:15:59","modified_gmt":"2026-03-04T05:15:59","slug":"libreta-con-espiral-y-tapa-rigida-stamina-lien-8074","status":"publish","type":"product","link":"https:\/\/grupotextil.es\/en\/product\/libreta-con-espiral-y-tapa-rigida-stamina-lien-8074\/","title":{"rendered":"Libreta con Espiral y Tapa R\u00edgida Stamina Lien 8074"},"content":{"rendered":"<p>Libreta con espiral y tapa r\u00edgida de cart\u00f3n reciclado. Incluye bol\u00edgrafo a juego con tinta azul. 70 hojas.<\/p>","protected":false},"excerpt":{"rendered":"<p>Libreta con espiral y tapa r\u00edgida de cart\u00f3n reciclado. Incluye bol\u00edgrafo a juego con tinta azul. 70 hojas.<\/p>","protected":false},"featured_media":221767,"comment_status":"open","ping_status":"closed","template":"","meta":{"_acf_changed":false},"product_brand":[14012],"product_cat":[14006,13972],"product_tag":[],"class_list":{"0":"post-221766","1":"product","2":"type-product","3":"status-publish","4":"has-post-thumbnail","6":"product_brand-stamina","7":"product_cat-acc-merchandising","8":"product_cat-oficina-y-escritura","9":"tm-no-options","11":"first","12":"instock","13":"taxable","14":"shipping-taxable","15":"product-type-variable"},"acf":[],"_links":{"self":[{"href":"https:\/\/grupotextil.es\/en\/wp-json\/wp\/v2\/product\/221766","targetHints":{"allow":["GET"]}}],"collection":[{"href":"https:\/\/grupotextil.es\/en\/wp-json\/wp\/v2\/product"}],"about":[{"href":"https:\/\/grupotextil.es\/en\/wp-json\/wp\/v2\/types\/product"}],"replies":[{"embeddable":true,"href":"https:\/\/grupotextil.es\/en\/wp-json\/wp\/v2\/comments?post=221766"}],"wp:featuredmedia":[{"embeddable":true,"href":"https:\/\/grupotextil.es\/en\/wp-json\/wp\/v2\/media\/221767"}],"wp:attachment":[{"href":"https:\/\/grupotextil.es\/en\/wp-json\/wp\/v2\/media?parent=221766"}],"wp:term":[{"taxonomy":"product_brand","embeddable":true,"href":"https:\/\/grupotextil.es\/en\/wp-json\/wp\/v2\/product_brand?post=221766"},{"taxonomy":"product_cat","embeddable":true,"href":"https:\/\/grupotextil.es\/en\/wp-json\/wp\/v2\/product_cat?post=221766"},{"taxonomy":"product_tag","embeddable":true,"href":"https:\/\/grupotextil.es\/en\/wp-json\/wp\/v2\/product_tag?post=221766"}],"curies":[{"name":"wp","href":"https:\/\/api.w.org\/{rel}","templated":true}]}}