{"id":221920,"date":"2026-03-04T05:39:26","date_gmt":"2026-03-04T04:39:26","guid":{"rendered":"https:\/\/grupotextil.es\/producto\/outlet-polo-roly-dylan-0411-hombre-manga-larga\/"},"modified":"2026-03-04T06:16:03","modified_gmt":"2026-03-04T05:16:03","slug":"outlet-polo-roly-dylan-0411-hombre-manga-larga","status":"publish","type":"product","link":"https:\/\/grupotextil.es\/en\/product\/outlet-polo-roly-dylan-0411-hombre-manga-larga\/","title":{"rendered":"*OUTLET* Polo Roly Dylan 0411 Hombre Manga Larga"},"content":{"rendered":"<p>Polo vigor\u00e9 de manga larga, con tapeta superpuesta de 2 botones a tono. Cuello y pu\u00f1os con detalle en color s\u00f3lido. Cubrecosturas reforzado en el interior del cuello. Aperturas laterales con cinta a contraste decorativa. El patronaje de la espalda es ligeramente m\u00e1s largo que el delantero.<\/p>","protected":false},"excerpt":{"rendered":"<p>Polo vigor\u00e9 de manga larga, con tapeta superpuesta de 2 botones a tono. Cuello y pu\u00f1os con detalle en color s\u00f3lido. Cubrecosturas reforzado en el interior del cuello. Aperturas laterales con cinta a contraste decorativa. El patronaje de la espalda es ligeramente m\u00e1s largo que el delantero.<\/p>","protected":false},"featured_media":221921,"comment_status":"open","ping_status":"closed","template":"","meta":{"_acf_changed":false},"product_brand":[14011],"product_cat":[13974,13975,13973],"product_tag":[],"class_list":{"0":"post-221920","1":"product","2":"type-product","3":"status-publish","4":"has-post-thumbnail","6":"product_brand-roly","7":"product_cat-ropa-hombre","8":"product_cat-ropa-mujer","9":"product_cat-ropa","10":"tm-no-options","12":"first","13":"outofstock","14":"taxable","15":"shipping-taxable","16":"product-type-variable"},"acf":[],"_links":{"self":[{"href":"https:\/\/grupotextil.es\/en\/wp-json\/wp\/v2\/product\/221920","targetHints":{"allow":["GET"]}}],"collection":[{"href":"https:\/\/grupotextil.es\/en\/wp-json\/wp\/v2\/product"}],"about":[{"href":"https:\/\/grupotextil.es\/en\/wp-json\/wp\/v2\/types\/product"}],"replies":[{"embeddable":true,"href":"https:\/\/grupotextil.es\/en\/wp-json\/wp\/v2\/comments?post=221920"}],"wp:featuredmedia":[{"embeddable":true,"href":"https:\/\/grupotextil.es\/en\/wp-json\/wp\/v2\/media\/221921"}],"wp:attachment":[{"href":"https:\/\/grupotextil.es\/en\/wp-json\/wp\/v2\/media?parent=221920"}],"wp:term":[{"taxonomy":"product_brand","embeddable":true,"href":"https:\/\/grupotextil.es\/en\/wp-json\/wp\/v2\/product_brand?post=221920"},{"taxonomy":"product_cat","embeddable":true,"href":"https:\/\/grupotextil.es\/en\/wp-json\/wp\/v2\/product_cat?post=221920"},{"taxonomy":"product_tag","embeddable":true,"href":"https:\/\/grupotextil.es\/en\/wp-json\/wp\/v2\/product_tag?post=221920"}],"curies":[{"name":"wp","href":"https:\/\/api.w.org\/{rel}","templated":true}]}}