{"id":222087,"date":"2026-03-04T05:41:26","date_gmt":"2026-03-04T04:41:26","guid":{"rendered":"https:\/\/grupotextil.es\/producto\/outlet-babero-roly-dummy-9000-bebe\/"},"modified":"2026-03-04T06:16:04","modified_gmt":"2026-03-04T05:16:04","slug":"outlet-babero-roly-dummy-9000-bebe","status":"publish","type":"product","link":"https:\/\/grupotextil.es\/en\/product\/outlet-babero-roly-dummy-9000-bebe\/","title":{"rendered":"*OUTLET* Babero Roly Dummy 9000 Beb\u00e9"},"content":{"rendered":"<p><strong>PRODUCTO QUE SE DESCATALOGAR\u00c1 EN 2025<\/strong> \u2013 Babero viveado. Tejido de algod\u00f3n por la parte delantera y de pl\u00e1stico por la parte posterior para evitar el traspaso de l\u00edquidos. Cierre lateral de velcro suave.<\/p>","protected":false},"excerpt":{"rendered":"<p><strong>PRODUCTO QUE SE DESCATALOGAR\u00c1 EN 2025<\/strong> \u2013 Babero viveado. Tejido de algod\u00f3n por la parte delantera y de pl\u00e1stico por la parte posterior para evitar el traspaso de l\u00edquidos. Cierre lateral de velcro suave.<\/p>","protected":false},"featured_media":222089,"comment_status":"open","ping_status":"closed","template":"","meta":{"_acf_changed":false},"product_brand":[14011],"product_cat":[10160,13973],"product_tag":[],"class_list":{"0":"post-222087","1":"product","2":"type-product","3":"status-publish","4":"has-post-thumbnail","6":"product_brand-roly","7":"product_cat-ropa-bebe","8":"product_cat-ropa","9":"tm-no-options","11":"first","12":"outofstock","13":"taxable","14":"shipping-taxable","15":"product-type-variable"},"acf":[],"_links":{"self":[{"href":"https:\/\/grupotextil.es\/en\/wp-json\/wp\/v2\/product\/222087","targetHints":{"allow":["GET"]}}],"collection":[{"href":"https:\/\/grupotextil.es\/en\/wp-json\/wp\/v2\/product"}],"about":[{"href":"https:\/\/grupotextil.es\/en\/wp-json\/wp\/v2\/types\/product"}],"replies":[{"embeddable":true,"href":"https:\/\/grupotextil.es\/en\/wp-json\/wp\/v2\/comments?post=222087"}],"wp:featuredmedia":[{"embeddable":true,"href":"https:\/\/grupotextil.es\/en\/wp-json\/wp\/v2\/media\/222089"}],"wp:attachment":[{"href":"https:\/\/grupotextil.es\/en\/wp-json\/wp\/v2\/media?parent=222087"}],"wp:term":[{"taxonomy":"product_brand","embeddable":true,"href":"https:\/\/grupotextil.es\/en\/wp-json\/wp\/v2\/product_brand?post=222087"},{"taxonomy":"product_cat","embeddable":true,"href":"https:\/\/grupotextil.es\/en\/wp-json\/wp\/v2\/product_cat?post=222087"},{"taxonomy":"product_tag","embeddable":true,"href":"https:\/\/grupotextil.es\/en\/wp-json\/wp\/v2\/product_tag?post=222087"}],"curies":[{"name":"wp","href":"https:\/\/api.w.org\/{rel}","templated":true}]}}