{"id":222109,"date":"2026-03-04T05:41:44","date_gmt":"2026-03-04T04:41:44","guid":{"rendered":"https:\/\/grupotextil.es\/producto\/outlet-camiseta-interior-roly-soul-2500-nino-manga-corta\/"},"modified":"2026-03-04T06:16:04","modified_gmt":"2026-03-04T05:16:04","slug":"outlet-camiseta-interior-roly-soul-2500-nino-manga-corta","status":"publish","type":"product","link":"https:\/\/grupotextil.es\/en\/product\/outlet-camiseta-interior-roly-soul-2500-nino-manga-corta\/","title":{"rendered":"*OUTLET* Camiseta Interior Roly Soul 2500 Ni\u00f1o Manga Corta"},"content":{"rendered":"<p>Camiseta interior de ni\u00f1o de manga corta con cuello redondo en punto canal\u00e9 1\u00d71. Cubrecosturas reforzado en el cuello. Tejido transpirable y confortable.<\/p>","protected":false},"excerpt":{"rendered":"<p>Camiseta interior de ni\u00f1o de manga corta con cuello redondo en punto canal\u00e9 1\u00d71. Cubrecosturas reforzado en el cuello. Tejido transpirable y confortable.<\/p>","protected":false},"featured_media":222110,"comment_status":"open","ping_status":"closed","template":"","meta":{"_acf_changed":false},"product_brand":[14011],"product_cat":[13974,13975,13976,13973],"product_tag":[],"class_list":{"0":"post-222109","1":"product","2":"type-product","3":"status-publish","4":"has-post-thumbnail","6":"product_brand-roly","7":"product_cat-ropa-hombre","8":"product_cat-ropa-mujer","9":"product_cat-ropa-nino","10":"product_cat-ropa","11":"tm-no-options","13":"first","14":"instock","15":"taxable","16":"shipping-taxable","17":"product-type-variable"},"acf":[],"_links":{"self":[{"href":"https:\/\/grupotextil.es\/en\/wp-json\/wp\/v2\/product\/222109","targetHints":{"allow":["GET"]}}],"collection":[{"href":"https:\/\/grupotextil.es\/en\/wp-json\/wp\/v2\/product"}],"about":[{"href":"https:\/\/grupotextil.es\/en\/wp-json\/wp\/v2\/types\/product"}],"replies":[{"embeddable":true,"href":"https:\/\/grupotextil.es\/en\/wp-json\/wp\/v2\/comments?post=222109"}],"wp:featuredmedia":[{"embeddable":true,"href":"https:\/\/grupotextil.es\/en\/wp-json\/wp\/v2\/media\/222110"}],"wp:attachment":[{"href":"https:\/\/grupotextil.es\/en\/wp-json\/wp\/v2\/media?parent=222109"}],"wp:term":[{"taxonomy":"product_brand","embeddable":true,"href":"https:\/\/grupotextil.es\/en\/wp-json\/wp\/v2\/product_brand?post=222109"},{"taxonomy":"product_cat","embeddable":true,"href":"https:\/\/grupotextil.es\/en\/wp-json\/wp\/v2\/product_cat?post=222109"},{"taxonomy":"product_tag","embeddable":true,"href":"https:\/\/grupotextil.es\/en\/wp-json\/wp\/v2\/product_tag?post=222109"}],"curies":[{"name":"wp","href":"https:\/\/api.w.org\/{rel}","templated":true}]}}