{"id":222267,"date":"2026-03-04T05:43:25","date_gmt":"2026-03-04T04:43:25","guid":{"rendered":"https:\/\/grupotextil.es\/producto\/outlet-calcetin-roly-zazen-0370-unisex\/"},"modified":"2026-03-04T06:16:04","modified_gmt":"2026-03-04T05:16:04","slug":"outlet-calcetin-roly-zazen-0370-unisex","status":"publish","type":"product","link":"https:\/\/grupotextil.es\/en\/product\/outlet-calcetin-roly-zazen-0370-unisex\/","title":{"rendered":"*OUTLET* Calcet\u00edn Roly Zazen 0370 Unisex"},"content":{"rendered":"<p>Calcet\u00edn liso, transpirable y c\u00f3modo. Perfecto para uniformidad y casual. Calza elegantes tus pies con los calcetines ZAZEN de Roly; perfectos para el d\u00eda a d\u00eda. Lisos, transpirables y c\u00f3modos. Ideales para que les saques el m\u00e1ximo partido cada d\u00eda.<\/p>","protected":false},"excerpt":{"rendered":"<p>Calcet\u00edn liso, transpirable y c\u00f3modo. Perfecto para uniformidad y casual. Calza elegantes tus pies con los calcetines ZAZEN de Roly; perfectos para el d\u00eda a d\u00eda. Lisos, transpirables y c\u00f3modos. Ideales para que les saques el m\u00e1ximo partido cada d\u00eda.<\/p>","protected":false},"featured_media":222268,"comment_status":"open","ping_status":"closed","template":"","meta":{"_acf_changed":false},"product_brand":[14011],"product_cat":[13948,13953,13974,13975],"product_tag":[],"class_list":{"0":"post-222267","1":"product","2":"type-product","3":"status-publish","4":"has-post-thumbnail","6":"product_brand-roly","7":"product_cat-accesorios","8":"product_cat-acc-calcetines","9":"product_cat-ropa-hombre","10":"product_cat-ropa-mujer","11":"tm-no-options","13":"first","14":"instock","15":"taxable","16":"shipping-taxable","17":"product-type-variable"},"acf":[],"_links":{"self":[{"href":"https:\/\/grupotextil.es\/en\/wp-json\/wp\/v2\/product\/222267","targetHints":{"allow":["GET"]}}],"collection":[{"href":"https:\/\/grupotextil.es\/en\/wp-json\/wp\/v2\/product"}],"about":[{"href":"https:\/\/grupotextil.es\/en\/wp-json\/wp\/v2\/types\/product"}],"replies":[{"embeddable":true,"href":"https:\/\/grupotextil.es\/en\/wp-json\/wp\/v2\/comments?post=222267"}],"wp:featuredmedia":[{"embeddable":true,"href":"https:\/\/grupotextil.es\/en\/wp-json\/wp\/v2\/media\/222268"}],"wp:attachment":[{"href":"https:\/\/grupotextil.es\/en\/wp-json\/wp\/v2\/media?parent=222267"}],"wp:term":[{"taxonomy":"product_brand","embeddable":true,"href":"https:\/\/grupotextil.es\/en\/wp-json\/wp\/v2\/product_brand?post=222267"},{"taxonomy":"product_cat","embeddable":true,"href":"https:\/\/grupotextil.es\/en\/wp-json\/wp\/v2\/product_cat?post=222267"},{"taxonomy":"product_tag","embeddable":true,"href":"https:\/\/grupotextil.es\/en\/wp-json\/wp\/v2\/product_tag?post=222267"}],"curies":[{"name":"wp","href":"https:\/\/api.w.org\/{rel}","templated":true}]}}