{"id":222279,"date":"2026-03-04T05:43:36","date_gmt":"2026-03-04T04:43:36","guid":{"rendered":"https:\/\/grupotextil.es\/producto\/cinturon-multiusos-roly-marathon-7118\/"},"modified":"2026-03-04T06:16:04","modified_gmt":"2026-03-04T05:16:04","slug":"cinturon-multiusos-roly-marathon-7118","status":"publish","type":"product","link":"https:\/\/grupotextil.es\/en\/product\/cinturon-multiusos-roly-marathon-7118\/","title":{"rendered":"Cintur\u00f3n Multiusos Roly Marathon 7118"},"content":{"rendered":"<p>Cintur\u00f3n deportivo multiusos de tejido el\u00e1stico impermeable. Cuenta con cremallera reflectante y salida para cables, adem\u00e1s de cierre con hebilla. Ideal para almacenar tus peque\u00f1os enseres mientras realizas deporte.<\/p>","protected":false},"excerpt":{"rendered":"<p>Cintur\u00f3n deportivo multiusos de tejido el\u00e1stico impermeable. Cuenta con cremallera reflectante y salida para cables, adem\u00e1s de cierre con hebilla. Ideal para almacenar tus peque\u00f1os enseres mientras realizas deporte.<\/p>","protected":false},"featured_media":222281,"comment_status":"open","ping_status":"closed","template":"","meta":{"_acf_changed":false},"product_brand":[14011],"product_cat":[13973],"product_tag":[],"class_list":{"0":"post-222279","1":"product","2":"type-product","3":"status-publish","4":"has-post-thumbnail","6":"product_brand-roly","7":"product_cat-ropa","8":"tm-no-options","10":"first","11":"instock","12":"taxable","13":"shipping-taxable","14":"product-type-variable"},"acf":[],"_links":{"self":[{"href":"https:\/\/grupotextil.es\/en\/wp-json\/wp\/v2\/product\/222279","targetHints":{"allow":["GET"]}}],"collection":[{"href":"https:\/\/grupotextil.es\/en\/wp-json\/wp\/v2\/product"}],"about":[{"href":"https:\/\/grupotextil.es\/en\/wp-json\/wp\/v2\/types\/product"}],"replies":[{"embeddable":true,"href":"https:\/\/grupotextil.es\/en\/wp-json\/wp\/v2\/comments?post=222279"}],"wp:featuredmedia":[{"embeddable":true,"href":"https:\/\/grupotextil.es\/en\/wp-json\/wp\/v2\/media\/222281"}],"wp:attachment":[{"href":"https:\/\/grupotextil.es\/en\/wp-json\/wp\/v2\/media?parent=222279"}],"wp:term":[{"taxonomy":"product_brand","embeddable":true,"href":"https:\/\/grupotextil.es\/en\/wp-json\/wp\/v2\/product_brand?post=222279"},{"taxonomy":"product_cat","embeddable":true,"href":"https:\/\/grupotextil.es\/en\/wp-json\/wp\/v2\/product_cat?post=222279"},{"taxonomy":"product_tag","embeddable":true,"href":"https:\/\/grupotextil.es\/en\/wp-json\/wp\/v2\/product_tag?post=222279"}],"curies":[{"name":"wp","href":"https:\/\/api.w.org\/{rel}","templated":true}]}}