{"id":222301,"date":"2026-03-04T05:43:59","date_gmt":"2026-03-04T04:43:59","guid":{"rendered":"https:\/\/grupotextil.es\/producto\/pantalon-corto-roly-everton-6651-unisex\/"},"modified":"2026-03-10T01:58:54","modified_gmt":"2026-03-10T00:58:54","slug":"pantalon-corto-roly-everton-6651-unisex","status":"publish","type":"product","link":"https:\/\/grupotextil.es\/en\/product\/pantalon-corto-roly-everton-6651-unisex\/","title":{"rendered":"Pantal\u00f3n Corto Roly Everton 6651 Unisex"},"content":{"rendered":"<p>Pantal\u00f3n corto deportivo. Cinturilla el\u00e1stica con cord\u00f3n interior cruzado para facilitar ajuste. Tejido especial running adaptable al cuerpo. Detalles reflectantes. F\u00e1cil lavado y secado.<\/p>","protected":false},"excerpt":{"rendered":"<p>Pantal\u00f3n corto deportivo. Cinturilla el\u00e1stica con cord\u00f3n interior cruzado para facilitar ajuste. Tejido especial running adaptable al cuerpo. Detalles reflectantes. F\u00e1cil lavado y secado.<\/p>","protected":false},"featured_media":222302,"comment_status":"open","ping_status":"closed","template":"","meta":{"_acf_changed":false},"product_brand":[14011],"product_cat":[13993,13939,13975,13973],"product_tag":[],"class_list":{"0":"post-222301","1":"product","2":"type-product","3":"status-publish","4":"has-post-thumbnail","6":"product_brand-roly","7":"product_cat-m-bermudas","8":"product_cat-deportivo","9":"product_cat-ropa-mujer","10":"product_cat-ropa","11":"tm-no-options","13":"first","14":"instock","15":"taxable","16":"shipping-taxable","17":"product-type-variable"},"acf":[],"_links":{"self":[{"href":"https:\/\/grupotextil.es\/en\/wp-json\/wp\/v2\/product\/222301","targetHints":{"allow":["GET"]}}],"collection":[{"href":"https:\/\/grupotextil.es\/en\/wp-json\/wp\/v2\/product"}],"about":[{"href":"https:\/\/grupotextil.es\/en\/wp-json\/wp\/v2\/types\/product"}],"replies":[{"embeddable":true,"href":"https:\/\/grupotextil.es\/en\/wp-json\/wp\/v2\/comments?post=222301"}],"wp:featuredmedia":[{"embeddable":true,"href":"https:\/\/grupotextil.es\/en\/wp-json\/wp\/v2\/media\/222302"}],"wp:attachment":[{"href":"https:\/\/grupotextil.es\/en\/wp-json\/wp\/v2\/media?parent=222301"}],"wp:term":[{"taxonomy":"product_brand","embeddable":true,"href":"https:\/\/grupotextil.es\/en\/wp-json\/wp\/v2\/product_brand?post=222301"},{"taxonomy":"product_cat","embeddable":true,"href":"https:\/\/grupotextil.es\/en\/wp-json\/wp\/v2\/product_cat?post=222301"},{"taxonomy":"product_tag","embeddable":true,"href":"https:\/\/grupotextil.es\/en\/wp-json\/wp\/v2\/product_tag?post=222301"}],"curies":[{"name":"wp","href":"https:\/\/api.w.org\/{rel}","templated":true}]}}