{"id":222448,"date":"2026-03-04T05:45:56","date_gmt":"2026-03-04T04:45:56","guid":{"rendered":"https:\/\/grupotextil.es\/producto\/outlet-chaqueta-roly-utah-1107-hombre\/"},"modified":"2026-03-04T06:16:04","modified_gmt":"2026-03-04T05:16:04","slug":"outlet-chaqueta-roly-utah-1107-hombre","status":"publish","type":"product","link":"https:\/\/grupotextil.es\/en\/product\/outlet-chaqueta-roly-utah-1107-hombre\/","title":{"rendered":"*OUTLET* Chaqueta Roly Utah 1107 Hombre"},"content":{"rendered":"<p><strong>PRODUCTO QUE SE DESCATALOGAR\u00c1 EN 2025<\/strong> \u2013 Chaqueta acolchada en tejido muy resistente. Cuello alto con interior forrado en punto canal\u00e9 2\u00d72. 1.- Cremallera frontal al tono con protector de barbilla. 2.- Dos bolsillos frontales de doble funci\u00f3n. Incluye un bolsillo abierto y otro con cremallera. 3.- Bolsillo con cremallera y tapeta en manga izquierda. 4.- Bolsillo interior con cremallera en el lado izquierdo. 5.- Ajustadores con el\u00e1stico en el interior del bajo. Modelo impermeable.<\/p>","protected":false},"excerpt":{"rendered":"<p><strong>PRODUCTO QUE SE DESCATALOGAR\u00c1 EN 2025<\/strong> \u2013 Chaqueta acolchada en tejido muy resistente. Cuello alto con interior forrado en punto canal\u00e9 2\u00d72. 1.- Cremallera frontal al tono con protector de barbilla. 2.- Dos bolsillos frontales de doble funci\u00f3n. Incluye un bolsillo abierto y otro con cremallera. 3.- Bolsillo con cremallera y tapeta en manga izquierda. 4.- Bolsillo interior con cremallera en el lado izquierdo. 5.- Ajustadores con el\u00e1stico en el interior del bajo. Modelo impermeable.<\/p>","protected":false},"featured_media":222449,"comment_status":"open","ping_status":"closed","template":"","meta":{"_acf_changed":false},"product_brand":[14011],"product_cat":[13974,13975,13973],"product_tag":[],"class_list":{"0":"post-222448","1":"product","2":"type-product","3":"status-publish","4":"has-post-thumbnail","6":"product_brand-roly","7":"product_cat-ropa-hombre","8":"product_cat-ropa-mujer","9":"product_cat-ropa","10":"tm-no-options","12":"first","13":"instock","14":"taxable","15":"shipping-taxable","16":"product-type-variable"},"acf":[],"_links":{"self":[{"href":"https:\/\/grupotextil.es\/en\/wp-json\/wp\/v2\/product\/222448","targetHints":{"allow":["GET"]}}],"collection":[{"href":"https:\/\/grupotextil.es\/en\/wp-json\/wp\/v2\/product"}],"about":[{"href":"https:\/\/grupotextil.es\/en\/wp-json\/wp\/v2\/types\/product"}],"replies":[{"embeddable":true,"href":"https:\/\/grupotextil.es\/en\/wp-json\/wp\/v2\/comments?post=222448"}],"wp:featuredmedia":[{"embeddable":true,"href":"https:\/\/grupotextil.es\/en\/wp-json\/wp\/v2\/media\/222449"}],"wp:attachment":[{"href":"https:\/\/grupotextil.es\/en\/wp-json\/wp\/v2\/media?parent=222448"}],"wp:term":[{"taxonomy":"product_brand","embeddable":true,"href":"https:\/\/grupotextil.es\/en\/wp-json\/wp\/v2\/product_brand?post=222448"},{"taxonomy":"product_cat","embeddable":true,"href":"https:\/\/grupotextil.es\/en\/wp-json\/wp\/v2\/product_cat?post=222448"},{"taxonomy":"product_tag","embeddable":true,"href":"https:\/\/grupotextil.es\/en\/wp-json\/wp\/v2\/product_tag?post=222448"}],"curies":[{"name":"wp","href":"https:\/\/api.w.org\/{rel}","templated":true}]}}