{"id":222705,"date":"2026-03-04T05:49:16","date_gmt":"2026-03-04T04:49:16","guid":{"rendered":"https:\/\/grupotextil.es\/producto\/outlet-chandal-roly-athenas-0339-hombre\/"},"modified":"2026-03-04T06:16:04","modified_gmt":"2026-03-04T05:16:04","slug":"outlet-chandal-roly-athenas-0339-hombre","status":"publish","type":"product","link":"https:\/\/grupotextil.es\/en\/product\/outlet-chandal-roly-athenas-0339-hombre\/","title":{"rendered":"*OUTLET* Ch\u00e1ndal Roly Athenas 0339 Hombre"},"content":{"rendered":"<p><strong>PRODUCTO QUE SE DESCATALOGAR\u00c1 EN 2025<\/strong> \u2013 Ch\u00e1ndal combinado de chaqueta y pantal\u00f3n. 1.- Cuello alto. 2.- Bolsillos frontales con vivo.3.- Pu\u00f1os y cintura en canal\u00e9 1\u00d71. 4.- Cremallera central con cubrecosturas interior de adorno en contraste.5.- Pantal\u00f3n con cinturilla.<\/p>","protected":false},"excerpt":{"rendered":"<p><strong>PRODUCTO QUE SE DESCATALOGAR\u00c1 EN 2025<\/strong> \u2013 Ch\u00e1ndal combinado de chaqueta y pantal\u00f3n. 1.- Cuello alto. 2.- Bolsillos frontales con vivo.3.- Pu\u00f1os y cintura en canal\u00e9 1\u00d71. 4.- Cremallera central con cubrecosturas interior de adorno en contraste.5.- Pantal\u00f3n con cinturilla.<\/p>","protected":false},"featured_media":222707,"comment_status":"open","ping_status":"closed","template":"","meta":{"_acf_changed":false},"product_brand":[14011],"product_cat":[13974,13973],"product_tag":[],"class_list":{"0":"post-222705","1":"product","2":"type-product","3":"status-publish","4":"has-post-thumbnail","6":"product_brand-roly","7":"product_cat-ropa-hombre","8":"product_cat-ropa","9":"tm-no-options","11":"first","12":"instock","13":"taxable","14":"shipping-taxable","15":"product-type-variable"},"acf":[],"_links":{"self":[{"href":"https:\/\/grupotextil.es\/en\/wp-json\/wp\/v2\/product\/222705","targetHints":{"allow":["GET"]}}],"collection":[{"href":"https:\/\/grupotextil.es\/en\/wp-json\/wp\/v2\/product"}],"about":[{"href":"https:\/\/grupotextil.es\/en\/wp-json\/wp\/v2\/types\/product"}],"replies":[{"embeddable":true,"href":"https:\/\/grupotextil.es\/en\/wp-json\/wp\/v2\/comments?post=222705"}],"wp:featuredmedia":[{"embeddable":true,"href":"https:\/\/grupotextil.es\/en\/wp-json\/wp\/v2\/media\/222707"}],"wp:attachment":[{"href":"https:\/\/grupotextil.es\/en\/wp-json\/wp\/v2\/media?parent=222705"}],"wp:term":[{"taxonomy":"product_brand","embeddable":true,"href":"https:\/\/grupotextil.es\/en\/wp-json\/wp\/v2\/product_brand?post=222705"},{"taxonomy":"product_cat","embeddable":true,"href":"https:\/\/grupotextil.es\/en\/wp-json\/wp\/v2\/product_cat?post=222705"},{"taxonomy":"product_tag","embeddable":true,"href":"https:\/\/grupotextil.es\/en\/wp-json\/wp\/v2\/product_tag?post=222705"}],"curies":[{"name":"wp","href":"https:\/\/api.w.org\/{rel}","templated":true}]}}