{"id":222799,"date":"2026-03-04T05:50:32","date_gmt":"2026-03-04T04:50:32","guid":{"rendered":"https:\/\/grupotextil.es\/producto\/outlet-chaqueta-cortavientos-roly-kentucky-5089-hombre\/"},"modified":"2026-03-04T06:16:04","modified_gmt":"2026-03-04T05:16:04","slug":"outlet-chaqueta-cortavientos-roly-kentucky-5089-hombre","status":"publish","type":"product","link":"https:\/\/grupotextil.es\/en\/product\/outlet-chaqueta-cortavientos-roly-kentucky-5089-hombre\/","title":{"rendered":"*OUTLET* Chaqueta Cortavientos Roly Kentucky 5089 Hombre"},"content":{"rendered":"<p>Chaqueta cortavientos en tejido t\u00e9cnico. 1.- Cuello con bolsillo para guardar capucha. 2.- Tejido transpirable en la parte de las sisas. 3.- Corte de mangas ranglan. 4.- Doble bolsillo en la parte delantera con cremallera. 5.- Apertura y cierre con cremallera frontal. 6.- Bolsillo en la espalda para guardar la chaqueta a modo de bolsa. 7.- Bajo de chaqueta y pu\u00f1os de mangas con el\u00e1stico. 8.- Adorno en forma de asa situada en la parte de la espalda en la zona del cuello para poder colgar la prenda. 9.- Capucha con ajustadores pl\u00e1sticos y cord\u00f3n el\u00e1stico. 10.- Tejido transpirable en el interior del cuello. 11.- Tejido transpirable en el bolsillo interior espalda.<\/p>","protected":false},"excerpt":{"rendered":"<p>Chaqueta cortavientos en tejido t\u00e9cnico. 1.- Cuello con bolsillo para guardar capucha. 2.- Tejido transpirable en la parte de las sisas. 3.- Corte de mangas ranglan. 4.- Doble bolsillo en la parte delantera con cremallera. 5.- Apertura y cierre con cremallera frontal. 6.- Bolsillo en la espalda para guardar la chaqueta a modo de bolsa. 7.- Bajo de chaqueta y pu\u00f1os de mangas con el\u00e1stico. 8.- Adorno en forma de asa situada en la parte de la espalda en la zona del cuello para poder colgar la prenda. 9.- Capucha con ajustadores pl\u00e1sticos y cord\u00f3n el\u00e1stico. 10.- Tejido transpirable en el interior del cuello. 11.- Tejido transpirable en el bolsillo interior espalda.<\/p>","protected":false},"featured_media":222800,"comment_status":"open","ping_status":"closed","template":"","meta":{"_acf_changed":false},"product_brand":[14011],"product_cat":[13974,13975,13973],"product_tag":[],"class_list":{"0":"post-222799","1":"product","2":"type-product","3":"status-publish","4":"has-post-thumbnail","6":"product_brand-roly","7":"product_cat-ropa-hombre","8":"product_cat-ropa-mujer","9":"product_cat-ropa","10":"tm-no-options","12":"first","13":"instock","14":"taxable","15":"shipping-taxable","16":"product-type-variable"},"acf":[],"_links":{"self":[{"href":"https:\/\/grupotextil.es\/en\/wp-json\/wp\/v2\/product\/222799","targetHints":{"allow":["GET"]}}],"collection":[{"href":"https:\/\/grupotextil.es\/en\/wp-json\/wp\/v2\/product"}],"about":[{"href":"https:\/\/grupotextil.es\/en\/wp-json\/wp\/v2\/types\/product"}],"replies":[{"embeddable":true,"href":"https:\/\/grupotextil.es\/en\/wp-json\/wp\/v2\/comments?post=222799"}],"wp:featuredmedia":[{"embeddable":true,"href":"https:\/\/grupotextil.es\/en\/wp-json\/wp\/v2\/media\/222800"}],"wp:attachment":[{"href":"https:\/\/grupotextil.es\/en\/wp-json\/wp\/v2\/media?parent=222799"}],"wp:term":[{"taxonomy":"product_brand","embeddable":true,"href":"https:\/\/grupotextil.es\/en\/wp-json\/wp\/v2\/product_brand?post=222799"},{"taxonomy":"product_cat","embeddable":true,"href":"https:\/\/grupotextil.es\/en\/wp-json\/wp\/v2\/product_cat?post=222799"},{"taxonomy":"product_tag","embeddable":true,"href":"https:\/\/grupotextil.es\/en\/wp-json\/wp\/v2\/product_tag?post=222799"}],"curies":[{"name":"wp","href":"https:\/\/api.w.org\/{rel}","templated":true}]}}