{"id":222968,"date":"2026-03-04T05:53:05","date_gmt":"2026-03-04T04:53:05","guid":{"rendered":"https:\/\/grupotextil.es\/producto\/outlet-camiseta-roly-akita-6534-nino\/"},"modified":"2026-03-04T06:16:05","modified_gmt":"2026-03-04T05:16:05","slug":"outlet-camiseta-roly-akita-6534-nino","status":"publish","type":"product","link":"https:\/\/grupotextil.es\/en\/product\/outlet-camiseta-roly-akita-6534-nino\/","title":{"rendered":"*OUTLET* Camiseta Roly Akita 6534 Ni\u00f1o"},"content":{"rendered":"<p>Camiseta de manga corta en colores fl\u00faor. Cuello redondo y cubrecosturas de refuerzo en el interior. Fabricado en tejido poli\u00e9ster con tacto algod\u00f3n.<\/p>","protected":false},"excerpt":{"rendered":"<p>Camiseta de manga corta en colores fl\u00faor. Cuello redondo y cubrecosturas de refuerzo en el interior. Fabricado en tejido poli\u00e9ster con tacto algod\u00f3n.<\/p>","protected":false},"featured_media":222969,"comment_status":"open","ping_status":"closed","template":"","meta":{"_acf_changed":false},"product_brand":[14011],"product_cat":[13974,13975,13976,13973],"product_tag":[],"class_list":{"0":"post-222968","1":"product","2":"type-product","3":"status-publish","4":"has-post-thumbnail","6":"product_brand-roly","7":"product_cat-ropa-hombre","8":"product_cat-ropa-mujer","9":"product_cat-ropa-nino","10":"product_cat-ropa","11":"tm-no-options","13":"first","14":"outofstock","15":"taxable","16":"shipping-taxable","17":"product-type-variable"},"acf":[],"_links":{"self":[{"href":"https:\/\/grupotextil.es\/en\/wp-json\/wp\/v2\/product\/222968","targetHints":{"allow":["GET"]}}],"collection":[{"href":"https:\/\/grupotextil.es\/en\/wp-json\/wp\/v2\/product"}],"about":[{"href":"https:\/\/grupotextil.es\/en\/wp-json\/wp\/v2\/types\/product"}],"replies":[{"embeddable":true,"href":"https:\/\/grupotextil.es\/en\/wp-json\/wp\/v2\/comments?post=222968"}],"wp:featuredmedia":[{"embeddable":true,"href":"https:\/\/grupotextil.es\/en\/wp-json\/wp\/v2\/media\/222969"}],"wp:attachment":[{"href":"https:\/\/grupotextil.es\/en\/wp-json\/wp\/v2\/media?parent=222968"}],"wp:term":[{"taxonomy":"product_brand","embeddable":true,"href":"https:\/\/grupotextil.es\/en\/wp-json\/wp\/v2\/product_brand?post=222968"},{"taxonomy":"product_cat","embeddable":true,"href":"https:\/\/grupotextil.es\/en\/wp-json\/wp\/v2\/product_cat?post=222968"},{"taxonomy":"product_tag","embeddable":true,"href":"https:\/\/grupotextil.es\/en\/wp-json\/wp\/v2\/product_tag?post=222968"}],"curies":[{"name":"wp","href":"https:\/\/api.w.org\/{rel}","templated":true}]}}