{"id":223275,"date":"2026-03-04T05:56:50","date_gmt":"2026-03-04T04:56:50","guid":{"rendered":"https:\/\/grupotextil.es\/producto\/banador-roly-aqua-6716-hombre\/"},"modified":"2026-03-04T06:16:05","modified_gmt":"2026-03-04T05:16:05","slug":"banador-roly-aqua-6716-hombre","status":"publish","type":"product","link":"https:\/\/grupotextil.es\/en\/product\/banador-roly-aqua-6716-hombre\/","title":{"rendered":"Ba\u00f1ador Roly Aqua 6716 Hombre"},"content":{"rendered":"<p>Ba\u00f1ador. 2 bolsillos laterales. Cord\u00f3n ajustable al tono, bolsillo trasero con tapeta y ojal de desag\u00fce. Apertura lateral. Pespunte de carga doble hilo al tono. Slip interior. Forro bolsillo calado.<\/p>","protected":false},"excerpt":{"rendered":"<p>Ba\u00f1ador. 2 bolsillos laterales. Cord\u00f3n ajustable al tono, bolsillo trasero con tapeta y ojal de desag\u00fce. Apertura lateral. Pespunte de carga doble hilo al tono. Slip interior. Forro bolsillo calado.<\/p>","protected":false},"featured_media":223276,"comment_status":"open","ping_status":"closed","template":"","meta":{"_acf_changed":false},"product_brand":[14011],"product_cat":[13948,13942],"product_tag":[],"class_list":{"0":"post-223275","1":"product","2":"type-product","3":"status-publish","4":"has-post-thumbnail","6":"product_brand-roly","7":"product_cat-accesorios","8":"product_cat-rd-banadores","9":"tm-no-options","11":"first","12":"instock","13":"taxable","14":"shipping-taxable","15":"product-type-variable"},"acf":[],"_links":{"self":[{"href":"https:\/\/grupotextil.es\/en\/wp-json\/wp\/v2\/product\/223275","targetHints":{"allow":["GET"]}}],"collection":[{"href":"https:\/\/grupotextil.es\/en\/wp-json\/wp\/v2\/product"}],"about":[{"href":"https:\/\/grupotextil.es\/en\/wp-json\/wp\/v2\/types\/product"}],"replies":[{"embeddable":true,"href":"https:\/\/grupotextil.es\/en\/wp-json\/wp\/v2\/comments?post=223275"}],"wp:featuredmedia":[{"embeddable":true,"href":"https:\/\/grupotextil.es\/en\/wp-json\/wp\/v2\/media\/223276"}],"wp:attachment":[{"href":"https:\/\/grupotextil.es\/en\/wp-json\/wp\/v2\/media?parent=223275"}],"wp:term":[{"taxonomy":"product_brand","embeddable":true,"href":"https:\/\/grupotextil.es\/en\/wp-json\/wp\/v2\/product_brand?post=223275"},{"taxonomy":"product_cat","embeddable":true,"href":"https:\/\/grupotextil.es\/en\/wp-json\/wp\/v2\/product_cat?post=223275"},{"taxonomy":"product_tag","embeddable":true,"href":"https:\/\/grupotextil.es\/en\/wp-json\/wp\/v2\/product_tag?post=223275"}],"curies":[{"name":"wp","href":"https:\/\/api.w.org\/{rel}","templated":true}]}}