{"id":223403,"date":"2026-03-04T05:58:20","date_gmt":"2026-03-04T04:58:20","guid":{"rendered":"https:\/\/grupotextil.es\/producto\/pantalon-deportivo-roly-player-0453-nino\/"},"modified":"2026-03-10T01:58:53","modified_gmt":"2026-03-10T00:58:53","slug":"pantalon-deportivo-roly-player-0453-nino","status":"publish","type":"product","link":"https:\/\/grupotextil.es\/en\/product\/pantalon-deportivo-roly-player-0453-nino\/","title":{"rendered":"Pantal\u00f3n Deportivo Roly Player 0453 Ni\u00f1o"},"content":{"rendered":"<p>Pantal\u00f3n corto deportivo sin slip interior, con cinturilla el\u00e1stica ajustable con cord\u00f3n.<\/p>","protected":false},"excerpt":{"rendered":"<p>Pantal\u00f3n corto deportivo sin slip interior, con cinturilla el\u00e1stica ajustable con cord\u00f3n.<\/p>","protected":false},"featured_media":223404,"comment_status":"open","ping_status":"closed","template":"","meta":{"_acf_changed":false},"product_brand":[14011],"product_cat":[13939,13976,13999,13973],"product_tag":[],"class_list":{"0":"post-223403","1":"product","2":"type-product","3":"status-publish","4":"has-post-thumbnail","6":"product_brand-roly","7":"product_cat-deportivo","8":"product_cat-ropa-nino","9":"product_cat-n-pantalones","10":"product_cat-ropa","11":"tm-no-options","13":"first","14":"instock","15":"taxable","16":"shipping-taxable","17":"product-type-variable"},"acf":[],"_links":{"self":[{"href":"https:\/\/grupotextil.es\/en\/wp-json\/wp\/v2\/product\/223403","targetHints":{"allow":["GET"]}}],"collection":[{"href":"https:\/\/grupotextil.es\/en\/wp-json\/wp\/v2\/product"}],"about":[{"href":"https:\/\/grupotextil.es\/en\/wp-json\/wp\/v2\/types\/product"}],"replies":[{"embeddable":true,"href":"https:\/\/grupotextil.es\/en\/wp-json\/wp\/v2\/comments?post=223403"}],"wp:featuredmedia":[{"embeddable":true,"href":"https:\/\/grupotextil.es\/en\/wp-json\/wp\/v2\/media\/223404"}],"wp:attachment":[{"href":"https:\/\/grupotextil.es\/en\/wp-json\/wp\/v2\/media?parent=223403"}],"wp:term":[{"taxonomy":"product_brand","embeddable":true,"href":"https:\/\/grupotextil.es\/en\/wp-json\/wp\/v2\/product_brand?post=223403"},{"taxonomy":"product_cat","embeddable":true,"href":"https:\/\/grupotextil.es\/en\/wp-json\/wp\/v2\/product_cat?post=223403"},{"taxonomy":"product_tag","embeddable":true,"href":"https:\/\/grupotextil.es\/en\/wp-json\/wp\/v2\/product_tag?post=223403"}],"curies":[{"name":"wp","href":"https:\/\/api.w.org\/{rel}","templated":true}]}}