{"id":223481,"date":"2026-03-04T05:59:05","date_gmt":"2026-03-04T04:59:05","guid":{"rendered":"https:\/\/grupotextil.es\/producto\/outlet-pantalon-roly-mujer-hilton-9107\/"},"modified":"2026-03-04T06:16:05","modified_gmt":"2026-03-04T05:16:05","slug":"outlet-pantalon-roly-mujer-hilton-9107","status":"publish","type":"product","link":"https:\/\/grupotextil.es\/en\/product\/outlet-pantalon-roly-mujer-hilton-9107\/","title":{"rendered":"*OUTLET* Pantal\u00f3n Roly Mujer Hilton 9107"},"content":{"rendered":"<p>Pantal\u00f3n largo de mujer, de tejido resistente y corte confortable. Especial para hosteler\u00eda y \u00e1mbito laboral.<\/p>","protected":false},"excerpt":{"rendered":"<p>Pantal\u00f3n largo de mujer, de tejido resistente y corte confortable. Especial para hosteler\u00eda y \u00e1mbito laboral.<\/p>","protected":false},"featured_media":223482,"comment_status":"open","ping_status":"closed","template":"","meta":{"_acf_changed":false},"product_brand":[14011],"product_cat":[13974,13975,13973],"product_tag":[],"class_list":{"0":"post-223481","1":"product","2":"type-product","3":"status-publish","4":"has-post-thumbnail","6":"product_brand-roly","7":"product_cat-ropa-hombre","8":"product_cat-ropa-mujer","9":"product_cat-ropa","10":"tm-no-options","12":"first","13":"instock","14":"taxable","15":"shipping-taxable","16":"product-type-variable"},"acf":[],"_links":{"self":[{"href":"https:\/\/grupotextil.es\/en\/wp-json\/wp\/v2\/product\/223481","targetHints":{"allow":["GET"]}}],"collection":[{"href":"https:\/\/grupotextil.es\/en\/wp-json\/wp\/v2\/product"}],"about":[{"href":"https:\/\/grupotextil.es\/en\/wp-json\/wp\/v2\/types\/product"}],"replies":[{"embeddable":true,"href":"https:\/\/grupotextil.es\/en\/wp-json\/wp\/v2\/comments?post=223481"}],"wp:featuredmedia":[{"embeddable":true,"href":"https:\/\/grupotextil.es\/en\/wp-json\/wp\/v2\/media\/223482"}],"wp:attachment":[{"href":"https:\/\/grupotextil.es\/en\/wp-json\/wp\/v2\/media?parent=223481"}],"wp:term":[{"taxonomy":"product_brand","embeddable":true,"href":"https:\/\/grupotextil.es\/en\/wp-json\/wp\/v2\/product_brand?post=223481"},{"taxonomy":"product_cat","embeddable":true,"href":"https:\/\/grupotextil.es\/en\/wp-json\/wp\/v2\/product_cat?post=223481"},{"taxonomy":"product_tag","embeddable":true,"href":"https:\/\/grupotextil.es\/en\/wp-json\/wp\/v2\/product_tag?post=223481"}],"curies":[{"name":"wp","href":"https:\/\/api.w.org\/{rel}","templated":true}]}}