{"id":223519,"date":"2026-03-04T05:59:31","date_gmt":"2026-03-04T04:59:31","guid":{"rendered":"https:\/\/grupotextil.es\/producto\/outlet-sudadera-roly-urban-woman-1068-mujer\/"},"modified":"2026-03-04T06:16:05","modified_gmt":"2026-03-04T05:16:05","slug":"outlet-sudadera-roly-urban-woman-1068-mujer","status":"publish","type":"product","link":"https:\/\/grupotextil.es\/en\/product\/outlet-sudadera-roly-urban-woman-1068-mujer\/","title":{"rendered":"*OUTLET* Sudadera Roly Urban Woman 1068 Mujer"},"content":{"rendered":"<p>Sudadera entallada de corte femenino con capucha bicolor de doble tejido, con cord\u00f3n contrastado ajustable, cubrecosturas en el cuello y bolsillo canguro. Punto canal\u00e9 con elastano 1\u00d71 en pu\u00f1os y cintura. Detalle thumb slit \u2013 pu\u00f1o canal\u00e9 con abertura de ojal para el pulgar.<\/p>","protected":false},"excerpt":{"rendered":"<p>Sudadera entallada de corte femenino con capucha bicolor de doble tejido, con cord\u00f3n contrastado ajustable, cubrecosturas en el cuello y bolsillo canguro. Punto canal\u00e9 con elastano 1\u00d71 en pu\u00f1os y cintura. Detalle thumb slit \u2013 pu\u00f1o canal\u00e9 con abertura de ojal para el pulgar.<\/p>","protected":false},"featured_media":223520,"comment_status":"open","ping_status":"closed","template":"","meta":{"_acf_changed":false},"product_brand":[14011],"product_cat":[13974,13975,13973],"product_tag":[],"class_list":{"0":"post-223519","1":"product","2":"type-product","3":"status-publish","4":"has-post-thumbnail","6":"product_brand-roly","7":"product_cat-ropa-hombre","8":"product_cat-ropa-mujer","9":"product_cat-ropa","10":"tm-no-options","12":"first","13":"instock","14":"taxable","15":"shipping-taxable","16":"product-type-variable"},"acf":[],"_links":{"self":[{"href":"https:\/\/grupotextil.es\/en\/wp-json\/wp\/v2\/product\/223519","targetHints":{"allow":["GET"]}}],"collection":[{"href":"https:\/\/grupotextil.es\/en\/wp-json\/wp\/v2\/product"}],"about":[{"href":"https:\/\/grupotextil.es\/en\/wp-json\/wp\/v2\/types\/product"}],"replies":[{"embeddable":true,"href":"https:\/\/grupotextil.es\/en\/wp-json\/wp\/v2\/comments?post=223519"}],"wp:featuredmedia":[{"embeddable":true,"href":"https:\/\/grupotextil.es\/en\/wp-json\/wp\/v2\/media\/223520"}],"wp:attachment":[{"href":"https:\/\/grupotextil.es\/en\/wp-json\/wp\/v2\/media?parent=223519"}],"wp:term":[{"taxonomy":"product_brand","embeddable":true,"href":"https:\/\/grupotextil.es\/en\/wp-json\/wp\/v2\/product_brand?post=223519"},{"taxonomy":"product_cat","embeddable":true,"href":"https:\/\/grupotextil.es\/en\/wp-json\/wp\/v2\/product_cat?post=223519"},{"taxonomy":"product_tag","embeddable":true,"href":"https:\/\/grupotextil.es\/en\/wp-json\/wp\/v2\/product_tag?post=223519"}],"curies":[{"name":"wp","href":"https:\/\/api.w.org\/{rel}","templated":true}]}}