{"id":224077,"date":"2026-03-04T06:05:57","date_gmt":"2026-03-04T05:05:57","guid":{"rendered":"https:\/\/grupotextil.es\/producto\/outlet-pantalon-roly-mujer-serena-1098\/"},"modified":"2026-03-04T06:16:06","modified_gmt":"2026-03-04T05:16:06","slug":"outlet-pantalon-roly-mujer-serena-1098","status":"publish","type":"product","link":"https:\/\/grupotextil.es\/en\/product\/outlet-pantalon-roly-mujer-serena-1098\/","title":{"rendered":"*OUTLET* Pantal\u00f3n Roly Mujer Serena 1098"},"content":{"rendered":"<p>Pantal\u00f3n sport se\u00f1ora. Corte recto, con cinturilla el\u00e1stica ancha y cord\u00f3n con terminaci\u00f3n met\u00e1lico. Nuevo dise\u00f1o de gran confort y complementario de chaqueta Venus. Tratamiento Roly que le proporciona un acabado extra suave.<\/p>","protected":false},"excerpt":{"rendered":"<p>Pantal\u00f3n sport se\u00f1ora. Corte recto, con cinturilla el\u00e1stica ancha y cord\u00f3n con terminaci\u00f3n met\u00e1lico. Nuevo dise\u00f1o de gran confort y complementario de chaqueta Venus. Tratamiento Roly que le proporciona un acabado extra suave.<\/p>","protected":false},"featured_media":224080,"comment_status":"open","ping_status":"closed","template":"","meta":{"_acf_changed":false},"product_brand":[14011],"product_cat":[13974,13975,13973],"product_tag":[],"class_list":{"0":"post-224077","1":"product","2":"type-product","3":"status-publish","4":"has-post-thumbnail","6":"product_brand-roly","7":"product_cat-ropa-hombre","8":"product_cat-ropa-mujer","9":"product_cat-ropa","10":"tm-no-options","12":"first","13":"outofstock","14":"taxable","15":"shipping-taxable","16":"product-type-variable"},"acf":[],"_links":{"self":[{"href":"https:\/\/grupotextil.es\/en\/wp-json\/wp\/v2\/product\/224077","targetHints":{"allow":["GET"]}}],"collection":[{"href":"https:\/\/grupotextil.es\/en\/wp-json\/wp\/v2\/product"}],"about":[{"href":"https:\/\/grupotextil.es\/en\/wp-json\/wp\/v2\/types\/product"}],"replies":[{"embeddable":true,"href":"https:\/\/grupotextil.es\/en\/wp-json\/wp\/v2\/comments?post=224077"}],"wp:featuredmedia":[{"embeddable":true,"href":"https:\/\/grupotextil.es\/en\/wp-json\/wp\/v2\/media\/224080"}],"wp:attachment":[{"href":"https:\/\/grupotextil.es\/en\/wp-json\/wp\/v2\/media?parent=224077"}],"wp:term":[{"taxonomy":"product_brand","embeddable":true,"href":"https:\/\/grupotextil.es\/en\/wp-json\/wp\/v2\/product_brand?post=224077"},{"taxonomy":"product_cat","embeddable":true,"href":"https:\/\/grupotextil.es\/en\/wp-json\/wp\/v2\/product_cat?post=224077"},{"taxonomy":"product_tag","embeddable":true,"href":"https:\/\/grupotextil.es\/en\/wp-json\/wp\/v2\/product_tag?post=224077"}],"curies":[{"name":"wp","href":"https:\/\/api.w.org\/{rel}","templated":true}]}}