{"id":224106,"date":"2026-03-04T06:06:09","date_gmt":"2026-03-04T05:06:09","guid":{"rendered":"https:\/\/grupotextil.es\/producto\/falda-pantalon-roly-deportiva-patty-0321\/"},"modified":"2026-03-10T01:58:53","modified_gmt":"2026-03-10T00:58:53","slug":"falda-pantalon-roly-deportiva-patty-0321","status":"publish","type":"product","link":"https:\/\/grupotextil.es\/en\/product\/falda-pantalon-roly-deportiva-patty-0321\/","title":{"rendered":"Falda Pantal\u00f3n Roly Deportiva Patty 0321"},"content":{"rendered":"<p>Falda pantal\u00f3n con cinturilla el\u00e1stica, tejido confortable y agradable al tacto.<\/p>","protected":false},"excerpt":{"rendered":"<p>Falda pantal\u00f3n con cinturilla el\u00e1stica, tejido confortable y agradable al tacto.<\/p>","protected":false},"featured_media":224109,"comment_status":"open","ping_status":"closed","template":"","meta":{"_acf_changed":false},"product_brand":[14011],"product_cat":[13939,13975,13992,13973],"product_tag":[],"class_list":{"0":"post-224106","1":"product","2":"type-product","3":"status-publish","4":"has-post-thumbnail","6":"product_brand-roly","7":"product_cat-deportivo","8":"product_cat-ropa-mujer","9":"product_cat-m-pantalones","10":"product_cat-ropa","11":"tm-no-options","13":"first","14":"instock","15":"taxable","16":"shipping-taxable","17":"product-type-variable"},"acf":[],"_links":{"self":[{"href":"https:\/\/grupotextil.es\/en\/wp-json\/wp\/v2\/product\/224106","targetHints":{"allow":["GET"]}}],"collection":[{"href":"https:\/\/grupotextil.es\/en\/wp-json\/wp\/v2\/product"}],"about":[{"href":"https:\/\/grupotextil.es\/en\/wp-json\/wp\/v2\/types\/product"}],"replies":[{"embeddable":true,"href":"https:\/\/grupotextil.es\/en\/wp-json\/wp\/v2\/comments?post=224106"}],"wp:featuredmedia":[{"embeddable":true,"href":"https:\/\/grupotextil.es\/en\/wp-json\/wp\/v2\/media\/224109"}],"wp:attachment":[{"href":"https:\/\/grupotextil.es\/en\/wp-json\/wp\/v2\/media?parent=224106"}],"wp:term":[{"taxonomy":"product_brand","embeddable":true,"href":"https:\/\/grupotextil.es\/en\/wp-json\/wp\/v2\/product_brand?post=224106"},{"taxonomy":"product_cat","embeddable":true,"href":"https:\/\/grupotextil.es\/en\/wp-json\/wp\/v2\/product_cat?post=224106"},{"taxonomy":"product_tag","embeddable":true,"href":"https:\/\/grupotextil.es\/en\/wp-json\/wp\/v2\/product_tag?post=224106"}],"curies":[{"name":"wp","href":"https:\/\/api.w.org\/{rel}","templated":true}]}}