{"id":224594,"date":"2026-03-04T06:08:48","date_gmt":"2026-03-04T05:08:48","guid":{"rendered":"https:\/\/grupotextil.es\/producto\/outlet-bermudas-roly-nino-milan-0443\/"},"modified":"2026-03-04T06:16:06","modified_gmt":"2026-03-04T05:16:06","slug":"outlet-bermudas-roly-nino-milan-0443","status":"publish","type":"product","link":"https:\/\/grupotextil.es\/en\/product\/outlet-bermudas-roly-nino-milan-0443\/","title":{"rendered":"*OUTLET* Bermudas Roly Ni\u00f1o Milan 0443"},"content":{"rendered":"<p>Bermuda paseo con slip interior, dos bolsillos laterales y cinturilla el\u00e1stica con cord\u00f3n ajustable. Tejido ligero y transpirable. Bolsillos con profundidad y reforzados con pespunte de seguridad.<\/p>","protected":false},"excerpt":{"rendered":"<p>Bermuda paseo con slip interior, dos bolsillos laterales y cinturilla el\u00e1stica con cord\u00f3n ajustable. Tejido ligero y transpirable. Bolsillos con profundidad y reforzados con pespunte de seguridad.<\/p>","protected":false},"featured_media":224572,"comment_status":"open","ping_status":"closed","template":"","meta":{"_acf_changed":false},"product_brand":[14011],"product_cat":[13974,13975,13976,13973],"product_tag":[],"class_list":{"0":"post-224594","1":"product","2":"type-product","3":"status-publish","4":"has-post-thumbnail","6":"product_brand-roly","7":"product_cat-ropa-hombre","8":"product_cat-ropa-mujer","9":"product_cat-ropa-nino","10":"product_cat-ropa","11":"tm-no-options","13":"first","14":"instock","15":"taxable","16":"shipping-taxable","17":"product-type-variable"},"acf":[],"_links":{"self":[{"href":"https:\/\/grupotextil.es\/en\/wp-json\/wp\/v2\/product\/224594","targetHints":{"allow":["GET"]}}],"collection":[{"href":"https:\/\/grupotextil.es\/en\/wp-json\/wp\/v2\/product"}],"about":[{"href":"https:\/\/grupotextil.es\/en\/wp-json\/wp\/v2\/types\/product"}],"replies":[{"embeddable":true,"href":"https:\/\/grupotextil.es\/en\/wp-json\/wp\/v2\/comments?post=224594"}],"wp:featuredmedia":[{"embeddable":true,"href":"https:\/\/grupotextil.es\/en\/wp-json\/wp\/v2\/media\/224572"}],"wp:attachment":[{"href":"https:\/\/grupotextil.es\/en\/wp-json\/wp\/v2\/media?parent=224594"}],"wp:term":[{"taxonomy":"product_brand","embeddable":true,"href":"https:\/\/grupotextil.es\/en\/wp-json\/wp\/v2\/product_brand?post=224594"},{"taxonomy":"product_cat","embeddable":true,"href":"https:\/\/grupotextil.es\/en\/wp-json\/wp\/v2\/product_cat?post=224594"},{"taxonomy":"product_tag","embeddable":true,"href":"https:\/\/grupotextil.es\/en\/wp-json\/wp\/v2\/product_tag?post=224594"}],"curies":[{"name":"wp","href":"https:\/\/api.w.org\/{rel}","templated":true}]}}