{"id":224663,"date":"2026-03-04T06:09:37","date_gmt":"2026-03-04T05:09:37","guid":{"rendered":"https:\/\/grupotextil.es\/producto\/outlet-chandal-roly-olimpo-0315-nino\/"},"modified":"2026-03-04T06:16:07","modified_gmt":"2026-03-04T05:16:07","slug":"outlet-chandal-roly-olimpo-0315-nino","status":"publish","type":"product","link":"https:\/\/grupotextil.es\/en\/product\/outlet-chandal-roly-olimpo-0315-nino\/","title":{"rendered":"*OUTLET* Ch\u00e1ndal Roly Olimpo 0315 Ni\u00f1o"},"content":{"rendered":"<p>Ch\u00e1ndal combinado de chaqueta y pantal\u00f3n. Chaqueta con manga recta, dos bolsillos laterales y canal\u00e9 en cuello, pu\u00f1os y cintura. Pantal\u00f3n liso de corte recto, dos bolsillos laterales, cinturilla con goma y cord\u00f3n ajustable.<\/p>","protected":false},"excerpt":{"rendered":"<p>Ch\u00e1ndal combinado de chaqueta y pantal\u00f3n. Chaqueta con manga recta, dos bolsillos laterales y canal\u00e9 en cuello, pu\u00f1os y cintura. Pantal\u00f3n liso de corte recto, dos bolsillos laterales, cinturilla con goma y cord\u00f3n ajustable.<\/p>","protected":false},"featured_media":224666,"comment_status":"open","ping_status":"closed","template":"","meta":{"_acf_changed":false},"product_brand":[14011],"product_cat":[13976,13973],"product_tag":[],"class_list":{"0":"post-224663","1":"product","2":"type-product","3":"status-publish","4":"has-post-thumbnail","6":"product_brand-roly","7":"product_cat-ropa-nino","8":"product_cat-ropa","9":"tm-no-options","11":"first","12":"instock","13":"taxable","14":"shipping-taxable","15":"product-type-variable"},"acf":[],"_links":{"self":[{"href":"https:\/\/grupotextil.es\/en\/wp-json\/wp\/v2\/product\/224663","targetHints":{"allow":["GET"]}}],"collection":[{"href":"https:\/\/grupotextil.es\/en\/wp-json\/wp\/v2\/product"}],"about":[{"href":"https:\/\/grupotextil.es\/en\/wp-json\/wp\/v2\/types\/product"}],"replies":[{"embeddable":true,"href":"https:\/\/grupotextil.es\/en\/wp-json\/wp\/v2\/comments?post=224663"}],"wp:featuredmedia":[{"embeddable":true,"href":"https:\/\/grupotextil.es\/en\/wp-json\/wp\/v2\/media\/224666"}],"wp:attachment":[{"href":"https:\/\/grupotextil.es\/en\/wp-json\/wp\/v2\/media?parent=224663"}],"wp:term":[{"taxonomy":"product_brand","embeddable":true,"href":"https:\/\/grupotextil.es\/en\/wp-json\/wp\/v2\/product_brand?post=224663"},{"taxonomy":"product_cat","embeddable":true,"href":"https:\/\/grupotextil.es\/en\/wp-json\/wp\/v2\/product_cat?post=224663"},{"taxonomy":"product_tag","embeddable":true,"href":"https:\/\/grupotextil.es\/en\/wp-json\/wp\/v2\/product_tag?post=224663"}],"curies":[{"name":"wp","href":"https:\/\/api.w.org\/{rel}","templated":true}]}}