{"id":224753,"date":"2026-03-04T06:10:10","date_gmt":"2026-03-04T05:10:10","guid":{"rendered":"https:\/\/grupotextil.es\/producto\/pro-active-extreme-x-cn-ls-m\/"},"modified":"2026-04-19T04:06:30","modified_gmt":"2026-04-19T02:06:30","slug":"pro-active-extreme-x-cn-ls-m","status":"publish","type":"product","link":"https:\/\/grupotextil.es\/en\/product\/pro-active-extreme-x-cn-ls-m\/","title":{"rendered":"PRO Active Extreme X Cn Ls M"},"content":{"rendered":"<p>Camiseta de manga larga ajustada de capa base de alto rendimiento y con paneles de malla para un excelente funcionamiento durante los entrenamientos de alta intensidad. Tejidos reciclados.<\/p>\n<p>\u2022 Tejido fino, ligero y el\u00e1stico<\/p>\n<p>\u2022 La fibra Coolmax-Air contra la piel mejora el enfriamiento y el transporte de la humedad<\/p>\n<p>\u2022 Costuras planas que siguen los movimientos del cuerpo<\/p>\n<p>\u2022 Inserciones de malla en las axilas para una mejor ventilaci\u00f3n<\/p>\n<p>\u2022 Este producto est\u00e1 fabricado con poli\u00e9ster SeaQual que se produce a partir de pl\u00e1stico reciclado del oc\u00e9ano<\/p>\n<p><strong>Composici\u00f3n:<\/strong> 40% Poli\u00e9ster SeaQual 39% Poli\u00e9ster \u00abCoolmax\u00bb 21% Poli\u00e9ster reciclado | <strong>Peso:<\/strong> 100 g\/m2 | <strong>Tallas:<\/strong> S-XXL<\/p>","protected":false},"excerpt":{"rendered":"<p>Camiseta de manga larga ajustada de capa base de alto rendimiento y con paneles de malla para un excelente funcionamiento durante los entrenamientos de alta intensidad. Tejidos reciclados.<\/p>","protected":false},"featured_media":233974,"comment_status":"open","ping_status":"closed","template":"","meta":{"_acf_changed":false},"product_brand":[10489],"product_cat":[13986,13977,13990,13981,13974,13932,13930,13975,13935,13973],"product_tag":[],"class_list":{"0":"post-224753","1":"product","2":"type-product","3":"status-publish","4":"has-post-thumbnail","6":"product_brand-craft","7":"product_cat-m-camisetas-manga-corta","8":"product_cat-h-camisetas-manga-corta","9":"product_cat-m-chaquetas-y-abrigos","10":"product_cat-h-chaquetas-y-abrigos","11":"product_cat-ropa-hombre","12":"product_cat-hosteleria-horeca","13":"product_cat-laboral","14":"product_cat-ropa-mujer","15":"product_cat-pantalones-cocina","16":"product_cat-ropa","17":"tm-no-options","19":"first","20":"instock","21":"taxable","22":"shipping-taxable","23":"product-type-variable"},"acf":[],"_links":{"self":[{"href":"https:\/\/grupotextil.es\/en\/wp-json\/wp\/v2\/product\/224753","targetHints":{"allow":["GET"]}}],"collection":[{"href":"https:\/\/grupotextil.es\/en\/wp-json\/wp\/v2\/product"}],"about":[{"href":"https:\/\/grupotextil.es\/en\/wp-json\/wp\/v2\/types\/product"}],"replies":[{"embeddable":true,"href":"https:\/\/grupotextil.es\/en\/wp-json\/wp\/v2\/comments?post=224753"}],"wp:featuredmedia":[{"embeddable":true,"href":"https:\/\/grupotextil.es\/en\/wp-json\/wp\/v2\/media\/233974"}],"wp:attachment":[{"href":"https:\/\/grupotextil.es\/en\/wp-json\/wp\/v2\/media?parent=224753"}],"wp:term":[{"taxonomy":"product_brand","embeddable":true,"href":"https:\/\/grupotextil.es\/en\/wp-json\/wp\/v2\/product_brand?post=224753"},{"taxonomy":"product_cat","embeddable":true,"href":"https:\/\/grupotextil.es\/en\/wp-json\/wp\/v2\/product_cat?post=224753"},{"taxonomy":"product_tag","embeddable":true,"href":"https:\/\/grupotextil.es\/en\/wp-json\/wp\/v2\/product_tag?post=224753"}],"curies":[{"name":"wp","href":"https:\/\/api.w.org\/{rel}","templated":true}]}}