{"id":225054,"date":"2026-03-04T06:11:49","date_gmt":"2026-03-04T05:11:49","guid":{"rendered":"https:\/\/grupotextil.es\/producto\/9514-projob-oryx-sandal-s1ps\/"},"modified":"2026-04-19T04:06:31","modified_gmt":"2026-04-19T02:06:31","slug":"9514-projob-oryx-sandal-s1ps","status":"publish","type":"product","link":"https:\/\/grupotextil.es\/en\/product\/9514-projob-oryx-sandal-s1ps\/","title":{"rendered":"9514 PROJOB ORYX SANDAL S1PS"},"content":{"rendered":"<p>PROJOB 9514 es un zapato de protecci\u00f3n ligera y flexible con una duradera parte superior de nobuck, as\u00ed como secciones de malla que proporcionan una buena ventilaci\u00f3n y la hacen c\u00f3moda de llevar en d\u00edas calurosos. Refuerzos extra de TPU en la puntera y el tal\u00f3n para una mayor durabilidad. Entresuela ERP para un ajuste y confort \u00f3ptimos, mientras que la suela exterior es de goma duradera que garantiza un buen agarre en diferentes superficies. La puntera de material compuesto y la protecci\u00f3n textil contra clavos protegen los pies de impactos y penetraciones. El sistema de cordones FitGo, situado en el exterior, facilita la colocaci\u00f3n y optimiza la personalizaci\u00f3n. La plantilla extra\u00edble de espuma de PU de c\u00e9lula abierta proporciona al calzado una excelente transpirabilidad.<\/p>\n<p><strong>Composici\u00f3n:<\/strong> Suela intermedia: EVA EPR Suela: Caucho Material superior: PU nobuk, malla, refuerzos TPU tal\u00f3n+dedo | <strong>Tallas:<\/strong> 35-48<\/p>","protected":false},"excerpt":{"rendered":"<p>PROJOB 9514 es un zapato de protecci\u00f3n ligera y flexible con una duradera parte superior de nobuck, as\u00ed como secciones de malla que proporcionan una buena ventilaci\u00f3n y la hacen c\u00f3moda de llevar en d\u00edas calurosos. Refuerzos extra de TPU en la puntera<\/p>","protected":false},"featured_media":234046,"comment_status":"open","ping_status":"closed","template":"","meta":{"_acf_changed":false},"product_brand":[10531],"product_cat":[15142],"product_tag":[],"class_list":{"0":"post-225054","1":"product","2":"type-product","3":"status-publish","4":"has-post-thumbnail","6":"product_brand-projob","7":"product_cat-calzado","8":"tm-no-options","10":"first","11":"instock","12":"taxable","13":"shipping-taxable","14":"product-type-variable"},"acf":[],"_links":{"self":[{"href":"https:\/\/grupotextil.es\/en\/wp-json\/wp\/v2\/product\/225054","targetHints":{"allow":["GET"]}}],"collection":[{"href":"https:\/\/grupotextil.es\/en\/wp-json\/wp\/v2\/product"}],"about":[{"href":"https:\/\/grupotextil.es\/en\/wp-json\/wp\/v2\/types\/product"}],"replies":[{"embeddable":true,"href":"https:\/\/grupotextil.es\/en\/wp-json\/wp\/v2\/comments?post=225054"}],"wp:featuredmedia":[{"embeddable":true,"href":"https:\/\/grupotextil.es\/en\/wp-json\/wp\/v2\/media\/234046"}],"wp:attachment":[{"href":"https:\/\/grupotextil.es\/en\/wp-json\/wp\/v2\/media?parent=225054"}],"wp:term":[{"taxonomy":"product_brand","embeddable":true,"href":"https:\/\/grupotextil.es\/en\/wp-json\/wp\/v2\/product_brand?post=225054"},{"taxonomy":"product_cat","embeddable":true,"href":"https:\/\/grupotextil.es\/en\/wp-json\/wp\/v2\/product_cat?post=225054"},{"taxonomy":"product_tag","embeddable":true,"href":"https:\/\/grupotextil.es\/en\/wp-json\/wp\/v2\/product_tag?post=225054"}],"curies":[{"name":"wp","href":"https:\/\/api.w.org\/{rel}","templated":true}]}}