{"id":225099,"date":"2026-03-04T06:12:06","date_gmt":"2026-03-04T05:12:06","guid":{"rendered":"https:\/\/grupotextil.es\/producto\/haines\/"},"modified":"2026-04-19T04:06:31","modified_gmt":"2026-04-19T02:06:31","slug":"haines","status":"publish","type":"product","link":"https:\/\/grupotextil.es\/en\/product\/haines\/","title":{"rendered":"Haines"},"content":{"rendered":"<p>C\u00e1lida chaqueta polar de punto con secciones de softshell. Tres bolsillos exteriores con cremallera y dos bolsillos interiores grandes. Pu\u00f1os interiores el\u00e1sticos con orificios para los pulgares. Ribete reflectante en mangas y pu\u00f1os. De f\u00e1cil re etiquetado.<\/p>\n<p><strong>Composici\u00f3n:<\/strong> Tejido exterior 1: Polar poli\u00e9ster. Tejido exterior 2: Softshell 96% Poli\u00e9ster 4% Spandex | <strong>Peso:<\/strong> 280 g\/m\u00b2 | <strong>Tallas:<\/strong> XS-3XL<\/p>","protected":false},"excerpt":{"rendered":"<p>C\u00e1lida chaqueta polar de punto con secciones de softshell. Tres bolsillos exteriores con cremallera y dos bolsillos interiores grandes. Pu\u00f1os interiores el\u00e1sticos con orificios para los pulgares. Ribete reflectante en mangas y pu\u00f1os. De f\u00e1cil re etiq<\/p>","protected":false},"featured_media":234060,"comment_status":"open","ping_status":"closed","template":"","meta":{"_acf_changed":false},"product_brand":[10446],"product_cat":[13998,13980],"product_tag":[],"class_list":{"0":"post-225099","1":"product","2":"type-product","3":"status-publish","4":"has-post-thumbnail","6":"product_brand-clique","7":"product_cat-n-chaquetas","8":"product_cat-h-sudaderas","9":"tm-no-options","11":"first","12":"instock","13":"taxable","14":"shipping-taxable","15":"product-type-variable"},"acf":[],"_links":{"self":[{"href":"https:\/\/grupotextil.es\/en\/wp-json\/wp\/v2\/product\/225099","targetHints":{"allow":["GET"]}}],"collection":[{"href":"https:\/\/grupotextil.es\/en\/wp-json\/wp\/v2\/product"}],"about":[{"href":"https:\/\/grupotextil.es\/en\/wp-json\/wp\/v2\/types\/product"}],"replies":[{"embeddable":true,"href":"https:\/\/grupotextil.es\/en\/wp-json\/wp\/v2\/comments?post=225099"}],"wp:featuredmedia":[{"embeddable":true,"href":"https:\/\/grupotextil.es\/en\/wp-json\/wp\/v2\/media\/234060"}],"wp:attachment":[{"href":"https:\/\/grupotextil.es\/en\/wp-json\/wp\/v2\/media?parent=225099"}],"wp:term":[{"taxonomy":"product_brand","embeddable":true,"href":"https:\/\/grupotextil.es\/en\/wp-json\/wp\/v2\/product_brand?post=225099"},{"taxonomy":"product_cat","embeddable":true,"href":"https:\/\/grupotextil.es\/en\/wp-json\/wp\/v2\/product_cat?post=225099"},{"taxonomy":"product_tag","embeddable":true,"href":"https:\/\/grupotextil.es\/en\/wp-json\/wp\/v2\/product_tag?post=225099"}],"curies":[{"name":"wp","href":"https:\/\/api.w.org\/{rel}","templated":true}]}}