{"id":225133,"date":"2026-03-04T06:12:19","date_gmt":"2026-03-04T05:12:19","guid":{"rendered":"https:\/\/grupotextil.es\/producto\/basic-polo-pocket\/"},"modified":"2026-04-19T04:06:31","modified_gmt":"2026-04-19T02:06:31","slug":"basic-polo-pocket","status":"publish","type":"product","link":"https:\/\/grupotextil.es\/en\/product\/basic-polo-pocket\/","title":{"rendered":"Basic Polo Pocket"},"content":{"rendered":"<p>Polo piqu\u00e9 unisex de manga corta con bolsillo frontal en 100% algod\u00f3n ring spun, Tres botones a tono, aberturas laterales y tapeta reforzada. Tejido pre-encogido y con tratamiento enzim\u00e1tico.<\/p>\n<p><strong>Composici\u00f3n:<\/strong> 100% algod\u00f3n ring spun (gris marengo [95] 85% algod\u00f3n, 15% viscosa). | <strong>Peso:<\/strong> 190 g\/m2 | <strong>Tallas:<\/strong> XS-4XL<\/p>","protected":false},"excerpt":{"rendered":"<p>Polo piqu\u00e9 unisex de manga corta con bolsillo frontal en 100% algod\u00f3n ring spun, Tres botones a tono, aberturas laterales y tapeta reforzada. Tejido pre-encogido y con tratamiento enzim\u00e1tico.<\/p>","protected":false},"featured_media":234071,"comment_status":"open","ping_status":"closed","template":"","meta":{"_acf_changed":false},"product_brand":[10446],"product_cat":[13979],"product_tag":[],"class_list":{"0":"post-225133","1":"product","2":"type-product","3":"status-publish","4":"has-post-thumbnail","6":"product_brand-clique","7":"product_cat-h-polos","8":"tm-no-options","10":"first","11":"instock","12":"taxable","13":"shipping-taxable","14":"product-type-variable"},"acf":[],"_links":{"self":[{"href":"https:\/\/grupotextil.es\/en\/wp-json\/wp\/v2\/product\/225133","targetHints":{"allow":["GET"]}}],"collection":[{"href":"https:\/\/grupotextil.es\/en\/wp-json\/wp\/v2\/product"}],"about":[{"href":"https:\/\/grupotextil.es\/en\/wp-json\/wp\/v2\/types\/product"}],"replies":[{"embeddable":true,"href":"https:\/\/grupotextil.es\/en\/wp-json\/wp\/v2\/comments?post=225133"}],"wp:featuredmedia":[{"embeddable":true,"href":"https:\/\/grupotextil.es\/en\/wp-json\/wp\/v2\/media\/234071"}],"wp:attachment":[{"href":"https:\/\/grupotextil.es\/en\/wp-json\/wp\/v2\/media?parent=225133"}],"wp:term":[{"taxonomy":"product_brand","embeddable":true,"href":"https:\/\/grupotextil.es\/en\/wp-json\/wp\/v2\/product_brand?post=225133"},{"taxonomy":"product_cat","embeddable":true,"href":"https:\/\/grupotextil.es\/en\/wp-json\/wp\/v2\/product_cat?post=225133"},{"taxonomy":"product_tag","embeddable":true,"href":"https:\/\/grupotextil.es\/en\/wp-json\/wp\/v2\/product_tag?post=225133"}],"curies":[{"name":"wp","href":"https:\/\/api.w.org\/{rel}","templated":true}]}}