{"id":225268,"date":"2026-03-04T06:13:06","date_gmt":"2026-03-04T05:13:06","guid":{"rendered":"https:\/\/grupotextil.es\/producto\/basic-polo-s-s-junior\/"},"modified":"2026-04-19T04:06:31","modified_gmt":"2026-04-19T02:06:31","slug":"basic-polo-s-s-junior","status":"publish","type":"product","link":"https:\/\/grupotextil.es\/en\/product\/basic-polo-s-s-junior\/","title":{"rendered":"Basic Polo S\/S Junior"},"content":{"rendered":"<p>Polo b\u00e1sico 100% algod\u00f3n ring spun, botones tono a tono, aberturas laterales y tapeta reforzada. Tejido pre-encogido y con tratamiento enzim\u00e1tico.<\/p>\n<p><strong>Composici\u00f3n:<\/strong> 100% algod\u00f3n | <strong>Peso:<\/strong> 190 g\/m2 | <strong>Tallas:<\/strong> 100 (3-5 A\u00f1os)-160 (12-14 A\u00f1os)<\/p>","protected":false},"excerpt":{"rendered":"<p>Polo b\u00e1sico 100% algod\u00f3n ring spun, botones tono a tono, aberturas laterales y tapeta reforzada. Tejido pre-encogido y con tratamiento enzim\u00e1tico.<\/p>","protected":false},"featured_media":234114,"comment_status":"open","ping_status":"closed","template":"","meta":{"_acf_changed":false},"product_brand":[10446],"product_cat":[13979],"product_tag":[],"class_list":{"0":"post-225268","1":"product","2":"type-product","3":"status-publish","4":"has-post-thumbnail","6":"product_brand-clique","7":"product_cat-h-polos","8":"tm-no-options","10":"first","11":"instock","12":"taxable","13":"shipping-taxable","14":"product-type-variable"},"acf":[],"_links":{"self":[{"href":"https:\/\/grupotextil.es\/en\/wp-json\/wp\/v2\/product\/225268","targetHints":{"allow":["GET"]}}],"collection":[{"href":"https:\/\/grupotextil.es\/en\/wp-json\/wp\/v2\/product"}],"about":[{"href":"https:\/\/grupotextil.es\/en\/wp-json\/wp\/v2\/types\/product"}],"replies":[{"embeddable":true,"href":"https:\/\/grupotextil.es\/en\/wp-json\/wp\/v2\/comments?post=225268"}],"wp:featuredmedia":[{"embeddable":true,"href":"https:\/\/grupotextil.es\/en\/wp-json\/wp\/v2\/media\/234114"}],"wp:attachment":[{"href":"https:\/\/grupotextil.es\/en\/wp-json\/wp\/v2\/media?parent=225268"}],"wp:term":[{"taxonomy":"product_brand","embeddable":true,"href":"https:\/\/grupotextil.es\/en\/wp-json\/wp\/v2\/product_brand?post=225268"},{"taxonomy":"product_cat","embeddable":true,"href":"https:\/\/grupotextil.es\/en\/wp-json\/wp\/v2\/product_cat?post=225268"},{"taxonomy":"product_tag","embeddable":true,"href":"https:\/\/grupotextil.es\/en\/wp-json\/wp\/v2\/product_tag?post=225268"}],"curies":[{"name":"wp","href":"https:\/\/api.w.org\/{rel}","templated":true}]}}