{"id":225303,"date":"2026-03-04T06:13:24","date_gmt":"2026-03-04T05:13:24","guid":{"rendered":"https:\/\/grupotextil.es\/producto\/burlingham\/"},"modified":"2026-04-19T04:06:31","modified_gmt":"2026-04-19T02:06:31","slug":"burlingham","status":"publish","type":"product","link":"https:\/\/grupotextil.es\/en\/product\/burlingham\/","title":{"rendered":"Burlingham"},"content":{"rendered":"<p>Camisa tejido Jersey con look oxford. Detalles en cuello y aberturas laterales. Bot\u00f3n en cuello en la versi\u00f3n masculina. Botones de color perla. Pu\u00f1os ajustables.<\/p>\n<p><strong>Composici\u00f3n:<\/strong> 60% algod\u00f3n \/ 40% poli\u00e9ster , 165 g\/m\u00b2 | <strong>Peso:<\/strong> 165 g\/m\u00b2 | <strong>Tallas:<\/strong> S-4XL<\/p>","protected":false},"excerpt":{"rendered":"<p>Camisa tejido Jersey con look oxford. Detalles en cuello y aberturas laterales. Bot\u00f3n en cuello en la versi\u00f3n masculina. Botones de color perla. Pu\u00f1os ajustables.<\/p>","protected":false},"featured_media":234128,"comment_status":"open","ping_status":"closed","template":"","meta":{"_acf_changed":false},"product_brand":[10521],"product_cat":[13995],"product_tag":[],"class_list":{"0":"post-225303","1":"product","2":"type-product","3":"status-publish","4":"has-post-thumbnail","6":"product_brand-james-harvest","7":"product_cat-n-camisetas","8":"tm-no-options","10":"first","11":"instock","12":"taxable","13":"shipping-taxable","14":"product-type-variable"},"acf":[],"_links":{"self":[{"href":"https:\/\/grupotextil.es\/en\/wp-json\/wp\/v2\/product\/225303","targetHints":{"allow":["GET"]}}],"collection":[{"href":"https:\/\/grupotextil.es\/en\/wp-json\/wp\/v2\/product"}],"about":[{"href":"https:\/\/grupotextil.es\/en\/wp-json\/wp\/v2\/types\/product"}],"replies":[{"embeddable":true,"href":"https:\/\/grupotextil.es\/en\/wp-json\/wp\/v2\/comments?post=225303"}],"wp:featuredmedia":[{"embeddable":true,"href":"https:\/\/grupotextil.es\/en\/wp-json\/wp\/v2\/media\/234128"}],"wp:attachment":[{"href":"https:\/\/grupotextil.es\/en\/wp-json\/wp\/v2\/media?parent=225303"}],"wp:term":[{"taxonomy":"product_brand","embeddable":true,"href":"https:\/\/grupotextil.es\/en\/wp-json\/wp\/v2\/product_brand?post=225303"},{"taxonomy":"product_cat","embeddable":true,"href":"https:\/\/grupotextil.es\/en\/wp-json\/wp\/v2\/product_cat?post=225303"},{"taxonomy":"product_tag","embeddable":true,"href":"https:\/\/grupotextil.es\/en\/wp-json\/wp\/v2\/product_tag?post=225303"}],"curies":[{"name":"wp","href":"https:\/\/api.w.org\/{rel}","templated":true}]}}