{"id":225361,"date":"2026-03-04T06:13:52","date_gmt":"2026-03-04T05:13:52","guid":{"rendered":"https:\/\/grupotextil.es\/producto\/basic-roundneck-junior\/"},"modified":"2026-04-19T04:06:32","modified_gmt":"2026-04-19T02:06:32","slug":"basic-roundneck-junior","status":"publish","type":"product","link":"https:\/\/grupotextil.es\/en\/product\/basic-roundneck-junior\/","title":{"rendered":"Basic Roundneck Junior"},"content":{"rendered":"<p>Sudadera cuello redondo junior. Canal\u00e9 el\u00e1stico en mangas y dobladillo. Tejido estabilizado para lavados intensos con acabado antipilling. Canal\u00e9 el\u00e1stico 1&#215;1 con doble pespunte. Etiqueta bordada.<\/p>\n<p><strong>Composici\u00f3n:<\/strong> 65% Poli\u00e9ster, 35% Algod\u00f3n | <strong>Peso:<\/strong> 280 g\/m2 | <strong>Tallas:<\/strong> 100 (3-5 A\u00f1os)-160 (12-14 A\u00f1os)<\/p>","protected":false},"excerpt":{"rendered":"<p>Sudadera cuello redondo junior. Canal\u00e9 el\u00e1stico en mangas y dobladillo. Tejido estabilizado para lavados intensos con acabado antipilling. Canal\u00e9 el\u00e1stico 1&#215;1 con doble pespunte. Etiqueta bordada.<\/p>","protected":false},"featured_media":234144,"comment_status":"open","ping_status":"closed","template":"","meta":{"_acf_changed":false},"product_brand":[10446],"product_cat":[13980],"product_tag":[],"class_list":{"0":"post-225361","1":"product","2":"type-product","3":"status-publish","4":"has-post-thumbnail","6":"product_brand-clique","7":"product_cat-h-sudaderas","8":"tm-no-options","10":"first","11":"instock","12":"taxable","13":"shipping-taxable","14":"product-type-variable"},"acf":[],"_links":{"self":[{"href":"https:\/\/grupotextil.es\/en\/wp-json\/wp\/v2\/product\/225361","targetHints":{"allow":["GET"]}}],"collection":[{"href":"https:\/\/grupotextil.es\/en\/wp-json\/wp\/v2\/product"}],"about":[{"href":"https:\/\/grupotextil.es\/en\/wp-json\/wp\/v2\/types\/product"}],"replies":[{"embeddable":true,"href":"https:\/\/grupotextil.es\/en\/wp-json\/wp\/v2\/comments?post=225361"}],"wp:featuredmedia":[{"embeddable":true,"href":"https:\/\/grupotextil.es\/en\/wp-json\/wp\/v2\/media\/234144"}],"wp:attachment":[{"href":"https:\/\/grupotextil.es\/en\/wp-json\/wp\/v2\/media?parent=225361"}],"wp:term":[{"taxonomy":"product_brand","embeddable":true,"href":"https:\/\/grupotextil.es\/en\/wp-json\/wp\/v2\/product_brand?post=225361"},{"taxonomy":"product_cat","embeddable":true,"href":"https:\/\/grupotextil.es\/en\/wp-json\/wp\/v2\/product_cat?post=225361"},{"taxonomy":"product_tag","embeddable":true,"href":"https:\/\/grupotextil.es\/en\/wp-json\/wp\/v2\/product_tag?post=225361"}],"curies":[{"name":"wp","href":"https:\/\/api.w.org\/{rel}","templated":true}]}}