{"id":225372,"date":"2026-03-04T06:13:57","date_gmt":"2026-03-04T05:13:57","guid":{"rendered":"https:\/\/grupotextil.es\/producto\/basic-half-zip\/"},"modified":"2026-04-19T04:06:32","modified_gmt":"2026-04-19T02:06:32","slug":"basic-half-zip","status":"publish","type":"product","link":"https:\/\/grupotextil.es\/en\/product\/basic-half-zip\/","title":{"rendered":"Basic Half Zip"},"content":{"rendered":"<p>Sudadera con media cremallera YKK Metalux antiest\u00e1tica. Canal\u00e9 en mangas y dobladillo. Tejido suave y estabilizado apto para lavados intensos, acabado anti pilling. Canal\u00e9 el\u00e1stico 1&#215;1. Cinta de sarga en cuello.<\/p>\n<p><strong>Composici\u00f3n:<\/strong> 65% Poli\u00e9ster, 35% Algod\u00f3n (amarillo visibilidad [11] y naranja visibilidad [170]: 85% poli\u00e9ster 15% algod\u00f3n) | <strong>Peso:<\/strong> 280 g\/m2 | <strong>Tallas:<\/strong> XS-3XL (00, 35, 55: XS-4XL) (580, 95, 99: XS-5XL)<\/p>","protected":false},"excerpt":{"rendered":"<p>Sudadera con media cremallera YKK Metalux antiest\u00e1tica. Canal\u00e9 en mangas y dobladillo. Tejido suave y estabilizado apto para lavados intensos, acabado anti pilling. Canal\u00e9 el\u00e1stico 1&#215;1. Cinta de sarga en cuello.<\/p>","protected":false},"featured_media":234148,"comment_status":"open","ping_status":"closed","template":"","meta":{"_acf_changed":false},"product_brand":[10446],"product_cat":[15137,13980],"product_tag":[],"class_list":{"0":"post-225372","1":"product","2":"type-product","3":"status-publish","4":"has-post-thumbnail","6":"product_brand-clique","7":"product_cat-hombre-unisex-mujer","8":"product_cat-h-sudaderas","9":"tm-no-options","11":"first","12":"instock","13":"taxable","14":"shipping-taxable","15":"product-type-variable"},"acf":[],"_links":{"self":[{"href":"https:\/\/grupotextil.es\/en\/wp-json\/wp\/v2\/product\/225372","targetHints":{"allow":["GET"]}}],"collection":[{"href":"https:\/\/grupotextil.es\/en\/wp-json\/wp\/v2\/product"}],"about":[{"href":"https:\/\/grupotextil.es\/en\/wp-json\/wp\/v2\/types\/product"}],"replies":[{"embeddable":true,"href":"https:\/\/grupotextil.es\/en\/wp-json\/wp\/v2\/comments?post=225372"}],"wp:featuredmedia":[{"embeddable":true,"href":"https:\/\/grupotextil.es\/en\/wp-json\/wp\/v2\/media\/234148"}],"wp:attachment":[{"href":"https:\/\/grupotextil.es\/en\/wp-json\/wp\/v2\/media?parent=225372"}],"wp:term":[{"taxonomy":"product_brand","embeddable":true,"href":"https:\/\/grupotextil.es\/en\/wp-json\/wp\/v2\/product_brand?post=225372"},{"taxonomy":"product_cat","embeddable":true,"href":"https:\/\/grupotextil.es\/en\/wp-json\/wp\/v2\/product_cat?post=225372"},{"taxonomy":"product_tag","embeddable":true,"href":"https:\/\/grupotextil.es\/en\/wp-json\/wp\/v2\/product_tag?post=225372"}],"curies":[{"name":"wp","href":"https:\/\/api.w.org\/{rel}","templated":true}]}}