{"id":225404,"date":"2026-03-04T06:14:17","date_gmt":"2026-03-04T05:14:17","guid":{"rendered":"https:\/\/grupotextil.es\/producto\/saco\/"},"modified":"2026-04-19T04:06:32","modified_gmt":"2026-04-19T02:06:32","slug":"saco","status":"publish","type":"product","link":"https:\/\/grupotextil.es\/en\/product\/saco\/","title":{"rendered":"Saco"},"content":{"rendered":"<p>Gorro single jersey con costuras de recubierto en la parte superior.<\/p>\n<p><strong>Composici\u00f3n:<\/strong> 95% Algod\u00f3n, 5% Elastano (antracita marengo [955]: 62% poli\u00e9ster, 33% algod\u00f3n, 5% elastano) | <strong>Peso:<\/strong> 180 g\/m2 | <strong>Tallas:<\/strong> UD<\/p>","protected":false},"excerpt":{"rendered":"<p>Gorro single jersey con costuras de recubierto en la parte superior.<\/p>","protected":false},"featured_media":234159,"comment_status":"open","ping_status":"closed","template":"","meta":{"_acf_changed":false},"product_brand":[10446],"product_cat":[13948],"product_tag":[],"class_list":{"0":"post-225404","1":"product","2":"type-product","3":"status-publish","4":"has-post-thumbnail","6":"product_brand-clique","7":"product_cat-accesorios","8":"tm-no-options","10":"first","11":"instock","12":"taxable","13":"shipping-taxable","14":"product-type-variable"},"acf":[],"_links":{"self":[{"href":"https:\/\/grupotextil.es\/en\/wp-json\/wp\/v2\/product\/225404","targetHints":{"allow":["GET"]}}],"collection":[{"href":"https:\/\/grupotextil.es\/en\/wp-json\/wp\/v2\/product"}],"about":[{"href":"https:\/\/grupotextil.es\/en\/wp-json\/wp\/v2\/types\/product"}],"replies":[{"embeddable":true,"href":"https:\/\/grupotextil.es\/en\/wp-json\/wp\/v2\/comments?post=225404"}],"wp:featuredmedia":[{"embeddable":true,"href":"https:\/\/grupotextil.es\/en\/wp-json\/wp\/v2\/media\/234159"}],"wp:attachment":[{"href":"https:\/\/grupotextil.es\/en\/wp-json\/wp\/v2\/media?parent=225404"}],"wp:term":[{"taxonomy":"product_brand","embeddable":true,"href":"https:\/\/grupotextil.es\/en\/wp-json\/wp\/v2\/product_brand?post=225404"},{"taxonomy":"product_cat","embeddable":true,"href":"https:\/\/grupotextil.es\/en\/wp-json\/wp\/v2\/product_cat?post=225404"},{"taxonomy":"product_tag","embeddable":true,"href":"https:\/\/grupotextil.es\/en\/wp-json\/wp\/v2\/product_tag?post=225404"}],"curies":[{"name":"wp","href":"https:\/\/api.w.org\/{rel}","templated":true}]}}