{"id":225430,"date":"2026-03-04T06:14:36","date_gmt":"2026-03-04T05:14:36","guid":{"rendered":"https:\/\/grupotextil.es\/producto\/2-0-backpack\/"},"modified":"2026-04-19T04:06:32","modified_gmt":"2026-04-19T02:06:32","slug":"2-0-backpack","status":"publish","type":"product","link":"https:\/\/grupotextil.es\/en\/product\/2-0-backpack\/","title":{"rendered":"2.0 Backpack"},"content":{"rendered":"<p>Mochila funcional en dise\u00f1o contempor\u00e1neo, perfecta en la mayor\u00eda de ocasiones. Dos compartimentos grandes separados por uno interno para poder tener tu port\u00e1til protegido. El segundo compartimento tiene un bolsillo de malla, organizadores y anilla para el llavero. Bolsillo en la parte superior para un f\u00e1cil acceso y bolsillo escondido en la parte trasera para tus objetos de valor. Su tira en la parte trasera la hace ideal para colocar a una trolley. Detalles reflectantes para ser visibles en la oscuridad.<\/p>\n<p>Dimensiones y volumen: 45x31x20cm &#8211; 28L<\/p>\n<p><strong>Composici\u00f3n:<\/strong> Shantung Pongee 100% poli\u00e9ster con PU backing y PU coating | <strong>Tallas:<\/strong> UD<\/p>","protected":false},"excerpt":{"rendered":"<p>Mochila funcional en dise\u00f1o contempor\u00e1neo, perfecta en la mayor\u00eda de ocasiones. Dos compartimentos grandes separados por uno interno para poder tener tu port\u00e1til protegido. El segundo compartimento tiene un bolsillo de malla, organizadores y anilla p<\/p>","protected":false},"featured_media":234166,"comment_status":"open","ping_status":"closed","template":"","meta":{"_acf_changed":false},"product_brand":[10446],"product_cat":[15146,15137],"product_tag":[],"class_list":{"0":"post-225430","1":"product","2":"type-product","3":"status-publish","4":"has-post-thumbnail","6":"product_brand-clique","7":"product_cat-bolsas","8":"product_cat-hombre-unisex-mujer","9":"tm-no-options","11":"first","12":"instock","13":"taxable","14":"shipping-taxable","15":"product-type-variable"},"acf":[],"_links":{"self":[{"href":"https:\/\/grupotextil.es\/en\/wp-json\/wp\/v2\/product\/225430","targetHints":{"allow":["GET"]}}],"collection":[{"href":"https:\/\/grupotextil.es\/en\/wp-json\/wp\/v2\/product"}],"about":[{"href":"https:\/\/grupotextil.es\/en\/wp-json\/wp\/v2\/types\/product"}],"replies":[{"embeddable":true,"href":"https:\/\/grupotextil.es\/en\/wp-json\/wp\/v2\/comments?post=225430"}],"wp:featuredmedia":[{"embeddable":true,"href":"https:\/\/grupotextil.es\/en\/wp-json\/wp\/v2\/media\/234166"}],"wp:attachment":[{"href":"https:\/\/grupotextil.es\/en\/wp-json\/wp\/v2\/media?parent=225430"}],"wp:term":[{"taxonomy":"product_brand","embeddable":true,"href":"https:\/\/grupotextil.es\/en\/wp-json\/wp\/v2\/product_brand?post=225430"},{"taxonomy":"product_cat","embeddable":true,"href":"https:\/\/grupotextil.es\/en\/wp-json\/wp\/v2\/product_cat?post=225430"},{"taxonomy":"product_tag","embeddable":true,"href":"https:\/\/grupotextil.es\/en\/wp-json\/wp\/v2\/product_tag?post=225430"}],"curies":[{"name":"wp","href":"https:\/\/api.w.org\/{rel}","templated":true}]}}