{"id":225433,"date":"2026-03-04T06:14:37","date_gmt":"2026-03-04T05:14:37","guid":{"rendered":"https:\/\/grupotextil.es\/producto\/subz-arm-warmer\/"},"modified":"2026-04-19T04:06:32","modified_gmt":"2026-04-19T02:06:32","slug":"subz-arm-warmer","status":"publish","type":"product","link":"https:\/\/grupotextil.es\/en\/product\/subz-arm-warmer\/","title":{"rendered":"SubZ Arm Warmer"},"content":{"rendered":"<p>Calentadores de brazos afelpados que mantienen los brazos calientes en condiciones de fr\u00edo. Ajuste ergon\u00f3mico y silicona en el dobladillo superior. Hechos de poli\u00e9ster reciclado.<\/p>\n<p>\u2022 Tejido suave, ligero y el\u00e1stico para una mayor libertad de movimiento<\/p>\n<p>\u2022 Los pu\u00f1os el\u00e1sticos de silicona mantienen los calentadores en su sitio<\/p>\n<p>\u2022 Las costuras colocadas ergon\u00f3micamente siguen el cuerpo en movimiento<\/p>\n<p>\u2022 Afelpado suave para mayor comodidad y termorregulaci\u00f3n<\/p>\n<p>\u2022 Logo reflectante<\/p>\n<p>\u2022 Tejido de poli\u00e9ster reciclado<\/p>\n<p><strong>Composici\u00f3n:<\/strong> 88% Polyester-Recycled 12% Elastane | <strong>Peso:<\/strong> 245 g\/m2 | <strong>Tallas:<\/strong> XS-3XL<\/p>","protected":false},"excerpt":{"rendered":"<p>Calentadores de brazos afelpados que mantienen los brazos calientes en condiciones de fr\u00edo. Ajuste ergon\u00f3mico y silicona en el dobladillo superior. Hechos de poli\u00e9ster reciclado.<\/p>","protected":false},"featured_media":234169,"comment_status":"open","ping_status":"closed","template":"","meta":{"_acf_changed":false},"product_brand":[10489],"product_cat":[15147],"product_tag":[],"class_list":{"0":"post-225433","1":"product","2":"type-product","3":"status-publish","4":"has-post-thumbnail","6":"product_brand-craft","7":"product_cat-new-wave","8":"tm-no-options","10":"first","11":"instock","12":"taxable","13":"shipping-taxable","14":"product-type-variable"},"acf":[],"_links":{"self":[{"href":"https:\/\/grupotextil.es\/en\/wp-json\/wp\/v2\/product\/225433","targetHints":{"allow":["GET"]}}],"collection":[{"href":"https:\/\/grupotextil.es\/en\/wp-json\/wp\/v2\/product"}],"about":[{"href":"https:\/\/grupotextil.es\/en\/wp-json\/wp\/v2\/types\/product"}],"replies":[{"embeddable":true,"href":"https:\/\/grupotextil.es\/en\/wp-json\/wp\/v2\/comments?post=225433"}],"wp:featuredmedia":[{"embeddable":true,"href":"https:\/\/grupotextil.es\/en\/wp-json\/wp\/v2\/media\/234169"}],"wp:attachment":[{"href":"https:\/\/grupotextil.es\/en\/wp-json\/wp\/v2\/media?parent=225433"}],"wp:term":[{"taxonomy":"product_brand","embeddable":true,"href":"https:\/\/grupotextil.es\/en\/wp-json\/wp\/v2\/product_brand?post=225433"},{"taxonomy":"product_cat","embeddable":true,"href":"https:\/\/grupotextil.es\/en\/wp-json\/wp\/v2\/product_cat?post=225433"},{"taxonomy":"product_tag","embeddable":true,"href":"https:\/\/grupotextil.es\/en\/wp-json\/wp\/v2\/product_tag?post=225433"}],"curies":[{"name":"wp","href":"https:\/\/api.w.org\/{rel}","templated":true}]}}