{"id":225450,"date":"2026-03-04T06:14:49","date_gmt":"2026-03-04T05:14:49","guid":{"rendered":"https:\/\/grupotextil.es\/producto\/ashland-turtle\/"},"modified":"2026-04-19T04:06:32","modified_gmt":"2026-04-19T02:06:32","slug":"ashland-turtle","status":"publish","type":"product","link":"https:\/\/grupotextil.es\/en\/product\/ashland-turtle\/","title":{"rendered":"Ashland Turtle"},"content":{"rendered":"<p>Su\u00e9ter de punto de cuello alto. Canal\u00e9 1&#215;1 en cintura, pu\u00f1os y cuello. Certificado Oeko-Tex 100.<\/p>\n<p><strong>Composici\u00f3n:<\/strong> 100% Algod\u00f3n Org\u00e1nico, 12 gg | <strong>Peso:<\/strong> 255 gr\/m\u00b2 | <strong>Tallas:<\/strong> S-4XL<\/p>","protected":false},"excerpt":{"rendered":"<p>Su\u00e9ter de punto de cuello alto. Canal\u00e9 1&#215;1 en cintura, pu\u00f1os y cuello. Certificado Oeko-Tex 100.<\/p>","protected":false},"featured_media":234180,"comment_status":"open","ping_status":"closed","template":"","meta":{"_acf_changed":false},"product_brand":[10521],"product_cat":[15147],"product_tag":[],"class_list":{"0":"post-225450","1":"product","2":"type-product","3":"status-publish","4":"has-post-thumbnail","6":"product_brand-james-harvest","7":"product_cat-new-wave","8":"tm-no-options","10":"first","11":"instock","12":"taxable","13":"shipping-taxable","14":"product-type-variable"},"acf":[],"_links":{"self":[{"href":"https:\/\/grupotextil.es\/en\/wp-json\/wp\/v2\/product\/225450","targetHints":{"allow":["GET"]}}],"collection":[{"href":"https:\/\/grupotextil.es\/en\/wp-json\/wp\/v2\/product"}],"about":[{"href":"https:\/\/grupotextil.es\/en\/wp-json\/wp\/v2\/types\/product"}],"replies":[{"embeddable":true,"href":"https:\/\/grupotextil.es\/en\/wp-json\/wp\/v2\/comments?post=225450"}],"wp:featuredmedia":[{"embeddable":true,"href":"https:\/\/grupotextil.es\/en\/wp-json\/wp\/v2\/media\/234180"}],"wp:attachment":[{"href":"https:\/\/grupotextil.es\/en\/wp-json\/wp\/v2\/media?parent=225450"}],"wp:term":[{"taxonomy":"product_brand","embeddable":true,"href":"https:\/\/grupotextil.es\/en\/wp-json\/wp\/v2\/product_brand?post=225450"},{"taxonomy":"product_cat","embeddable":true,"href":"https:\/\/grupotextil.es\/en\/wp-json\/wp\/v2\/product_cat?post=225450"},{"taxonomy":"product_tag","embeddable":true,"href":"https:\/\/grupotextil.es\/en\/wp-json\/wp\/v2\/product_tag?post=225450"}],"curies":[{"name":"wp","href":"https:\/\/api.w.org\/{rel}","templated":true}]}}