{"id":225510,"date":"2026-03-04T06:15:28","date_gmt":"2026-03-04T05:15:28","guid":{"rendered":"https:\/\/grupotextil.es\/producto\/kenai-women\/"},"modified":"2026-04-26T04:05:27","modified_gmt":"2026-04-26T02:05:27","slug":"kenai-women","status":"publish","type":"product","link":"https:\/\/grupotextil.es\/en\/product\/kenai-women\/","title":{"rendered":"Kenai Women"},"content":{"rendered":"<p>Pantal\u00f3n de trekking moderno. Tejido resistente al viento y al agua. El\u00e1sticos en cintura y rodilla para mejorar movilidad. Dos bolsillos delanteros, dos bolsillos con cremallera en la pierna y uno detr\u00e1s. Extremo de pierna ajustable con el\u00e1stico y velcro. Opci\u00f3n para insertar rodilleras.<\/p>\n<p><strong>Composici\u00f3n:<\/strong> Tejido exterior 1: TP380  65% Poli\u00e9ster 35% Algod\u00f3n. Tejido exterior 2: 88% Poli\u00e9ster 12% Spandex | <strong>Peso:<\/strong> 235 g\/m2 185 g\/m2 | <strong>Tallas:<\/strong> XS-XXL<\/p>","protected":false},"excerpt":{"rendered":"<p>Pantal\u00f3n de trekking moderno. Tejido resistente al viento y al agua. El\u00e1sticos en cintura y rodilla para mejorar movilidad. Dos bolsillos delanteros, dos bolsillos con cremallera en la pierna y uno detr\u00e1s. Extremo de pierna ajustable con el\u00e1stico y v<\/p>","protected":false},"featured_media":234207,"comment_status":"open","ping_status":"closed","template":"","meta":{"_acf_changed":false},"product_brand":[10446],"product_cat":[13983],"product_tag":[],"class_list":{"0":"post-225510","1":"product","2":"type-product","3":"status-publish","4":"has-post-thumbnail","6":"product_brand-clique","7":"product_cat-h-pantalones","8":"tm-no-options","10":"first","11":"instock","12":"taxable","13":"shipping-taxable","14":"product-type-variable"},"acf":[],"_links":{"self":[{"href":"https:\/\/grupotextil.es\/en\/wp-json\/wp\/v2\/product\/225510","targetHints":{"allow":["GET"]}}],"collection":[{"href":"https:\/\/grupotextil.es\/en\/wp-json\/wp\/v2\/product"}],"about":[{"href":"https:\/\/grupotextil.es\/en\/wp-json\/wp\/v2\/types\/product"}],"replies":[{"embeddable":true,"href":"https:\/\/grupotextil.es\/en\/wp-json\/wp\/v2\/comments?post=225510"}],"wp:featuredmedia":[{"embeddable":true,"href":"https:\/\/grupotextil.es\/en\/wp-json\/wp\/v2\/media\/234207"}],"wp:attachment":[{"href":"https:\/\/grupotextil.es\/en\/wp-json\/wp\/v2\/media?parent=225510"}],"wp:term":[{"taxonomy":"product_brand","embeddable":true,"href":"https:\/\/grupotextil.es\/en\/wp-json\/wp\/v2\/product_brand?post=225510"},{"taxonomy":"product_cat","embeddable":true,"href":"https:\/\/grupotextil.es\/en\/wp-json\/wp\/v2\/product_cat?post=225510"},{"taxonomy":"product_tag","embeddable":true,"href":"https:\/\/grupotextil.es\/en\/wp-json\/wp\/v2\/product_tag?post=225510"}],"curies":[{"name":"wp","href":"https:\/\/api.w.org\/{rel}","templated":true}]}}