{"id":225548,"date":"2026-03-04T06:15:48","date_gmt":"2026-03-04T05:15:48","guid":{"rendered":"https:\/\/grupotextil.es\/producto\/um-polo-ocs-regular-fit-unisex\/"},"modified":"2026-04-19T04:06:33","modified_gmt":"2026-04-19T02:06:33","slug":"um-polo-ocs-regular-fit-unisex","status":"publish","type":"product","link":"https:\/\/grupotextil.es\/en\/product\/um-polo-ocs-regular-fit-unisex\/","title":{"rendered":"UM Polo (OCS) \nRegular Fit Unisex"},"content":{"rendered":"<p>Polo unisex, imprescindible en cualquier armario moderno, confeccionado en algod\u00f3n org\u00e1nico con un tejido piqu\u00e9 de 220 g\/m\u00b2, lo que garantiza comodidad durante todo el d\u00eda. Cuenta con cuello y pu\u00f1os acanalados, aberturas laterales para facilitar el movimiento y una tapeta de botones tradicional.<\/p>\n<ul>\n<li>Dise\u00f1ado cuidadosamente seg\u00fan los principios de ECODESIGN para facilitar su reciclaje al final de su vida \u00fatil.<\/li>\n<li>La prenda est\u00e1 cosida con hilo EcoVerde, fabricado con poli\u00e9ster 100% reciclado.<\/li>\n<li>El tejido es algod\u00f3n de cultivo ecol\u00f3gico con certificaci\u00f3n OCS.<\/li>\n<li>Certificado OEKO-TEX\u00ae MADE IN GREEN, lo que garantiza la seguridad, la transparencia y la producci\u00f3n responsable. (OEKO-TEX STANDARD 100 + OEKO-TEX STeP)<\/li>\n<li>Aprobado por PETA como vegano, lo que demuestra que no se han utilizado materiales de origen animal.<\/li>\n<li>Escanea el c\u00f3digo QR que se encuentra dentro de la prenda o en la p\u00e1gina web para desbloquear el PASAPORTE DIGITAL DEL PRODUCTO.<\/li>\n<\/ul>\n<p><strong>Composici\u00f3n:<\/strong> Tejido exterior<\/p>\n<p>Colores lisos:<br \/>\n100 % algod\u00f3n org\u00e1nico certificado por OCS.<br \/>\nCertificado por CERES-1725.<\/p>\n<p>Gris jaspeado:<br \/>\n90 % algod\u00f3n org\u00e1nico certificado por OCS.<br \/>\n10 % viscosa.<br \/>\nCertificado por CERES-1725. | <strong>Peso:<\/strong> 220 g\/m\u00b2 | <strong>Tallas:<\/strong> XXS-5XL<\/p>","protected":false},"excerpt":{"rendered":"<p>Polo unisex, imprescindible en cualquier armario moderno, confeccionado en algod\u00f3n org\u00e1nico con un tejido piqu\u00e9 de 220 g\/m\u00b2, lo que garantiza comodidad durante todo el d\u00eda. Cuenta con cuello y pu\u00f1os acanalados, aberturas laterales para facilitar el m<\/p>","protected":false},"featured_media":234230,"comment_status":"open","ping_status":"closed","template":"","meta":{"_acf_changed":false},"product_brand":[10501],"product_cat":[13979],"product_tag":[],"class_list":{"0":"post-225548","1":"product","2":"type-product","3":"status-publish","4":"has-post-thumbnail","6":"product_brand-untagged-movement","7":"product_cat-h-polos","8":"tm-no-options","10":"first","11":"instock","12":"taxable","13":"shipping-taxable","14":"product-type-variable"},"acf":[],"_links":{"self":[{"href":"https:\/\/grupotextil.es\/en\/wp-json\/wp\/v2\/product\/225548","targetHints":{"allow":["GET"]}}],"collection":[{"href":"https:\/\/grupotextil.es\/en\/wp-json\/wp\/v2\/product"}],"about":[{"href":"https:\/\/grupotextil.es\/en\/wp-json\/wp\/v2\/types\/product"}],"replies":[{"embeddable":true,"href":"https:\/\/grupotextil.es\/en\/wp-json\/wp\/v2\/comments?post=225548"}],"wp:featuredmedia":[{"embeddable":true,"href":"https:\/\/grupotextil.es\/en\/wp-json\/wp\/v2\/media\/234230"}],"wp:attachment":[{"href":"https:\/\/grupotextil.es\/en\/wp-json\/wp\/v2\/media?parent=225548"}],"wp:term":[{"taxonomy":"product_brand","embeddable":true,"href":"https:\/\/grupotextil.es\/en\/wp-json\/wp\/v2\/product_brand?post=225548"},{"taxonomy":"product_cat","embeddable":true,"href":"https:\/\/grupotextil.es\/en\/wp-json\/wp\/v2\/product_cat?post=225548"},{"taxonomy":"product_tag","embeddable":true,"href":"https:\/\/grupotextil.es\/en\/wp-json\/wp\/v2\/product_tag?post=225548"}],"curies":[{"name":"wp","href":"https:\/\/api.w.org\/{rel}","templated":true}]}}