{"id":225629,"date":"2026-03-04T06:16:44","date_gmt":"2026-03-04T05:16:44","guid":{"rendered":"https:\/\/grupotextil.es\/producto\/classic-lincoln-s-s\/"},"modified":"2026-04-19T04:06:33","modified_gmt":"2026-04-19T02:06:33","slug":"classic-lincoln-s-s","status":"publish","type":"product","link":"https:\/\/grupotextil.es\/en\/product\/classic-lincoln-s-s\/","title":{"rendered":"Classic Lincoln S\/S"},"content":{"rendered":"<p>Polo piqu\u00e9 de manga corta con ajuste moderno en algod\u00f3n peinado y pre encogido. Tres botones a tono en tapeta. Canal\u00e9 en cuello y manga. Aberturas laterales.<\/p>\n<p><strong>Composici\u00f3n:<\/strong> 100% Algod\u00f3n ring spun (Ceniza [92]: 99% algod\u00f3n, 1% viscosa, Gris marengo [95]: 85% algod\u00f3n, 15% viscosa, antracita marengo [955]: 60% algod\u00f3n, 40% poli\u00e9ster). | <strong>Peso:<\/strong> 200 g\/m2 | <strong>Tallas:<\/strong> XS-3XL (00, 35, 55, 580, 95, 99: XS-5XL)<\/p>","protected":false},"excerpt":{"rendered":"<p>Polo piqu\u00e9 de manga corta con ajuste moderno en algod\u00f3n peinado y pre encogido. Tres botones a tono en tapeta. Canal\u00e9 en cuello y manga. Aberturas laterales.<\/p>","protected":false},"featured_media":234266,"comment_status":"open","ping_status":"closed","template":"","meta":{"_acf_changed":false},"product_brand":[10446],"product_cat":[13979],"product_tag":[],"class_list":{"0":"post-225629","1":"product","2":"type-product","3":"status-publish","4":"has-post-thumbnail","6":"product_brand-clique","7":"product_cat-h-polos","8":"tm-no-options","10":"first","11":"instock","12":"taxable","13":"shipping-taxable","14":"product-type-variable"},"acf":[],"_links":{"self":[{"href":"https:\/\/grupotextil.es\/en\/wp-json\/wp\/v2\/product\/225629","targetHints":{"allow":["GET"]}}],"collection":[{"href":"https:\/\/grupotextil.es\/en\/wp-json\/wp\/v2\/product"}],"about":[{"href":"https:\/\/grupotextil.es\/en\/wp-json\/wp\/v2\/types\/product"}],"replies":[{"embeddable":true,"href":"https:\/\/grupotextil.es\/en\/wp-json\/wp\/v2\/comments?post=225629"}],"wp:featuredmedia":[{"embeddable":true,"href":"https:\/\/grupotextil.es\/en\/wp-json\/wp\/v2\/media\/234266"}],"wp:attachment":[{"href":"https:\/\/grupotextil.es\/en\/wp-json\/wp\/v2\/media?parent=225629"}],"wp:term":[{"taxonomy":"product_brand","embeddable":true,"href":"https:\/\/grupotextil.es\/en\/wp-json\/wp\/v2\/product_brand?post=225629"},{"taxonomy":"product_cat","embeddable":true,"href":"https:\/\/grupotextil.es\/en\/wp-json\/wp\/v2\/product_cat?post=225629"},{"taxonomy":"product_tag","embeddable":true,"href":"https:\/\/grupotextil.es\/en\/wp-json\/wp\/v2\/product_tag?post=225629"}],"curies":[{"name":"wp","href":"https:\/\/api.w.org\/{rel}","templated":true}]}}