{"id":225682,"date":"2026-03-04T06:17:19","date_gmt":"2026-03-04T05:17:19","guid":{"rendered":"https:\/\/grupotextil.es\/producto\/2-0-computer-bag\/"},"modified":"2026-04-19T04:06:33","modified_gmt":"2026-04-19T02:06:33","slug":"2-0-computer-bag","status":"publish","type":"product","link":"https:\/\/grupotextil.es\/en\/product\/2-0-computer-bag\/","title":{"rendered":"2.0 Computer Bag"},"content":{"rendered":"<p>Elegante maleta de negocios para llevar el port\u00e1til. Tres compartimentos grandes con acolchado interno para proteger tu port\u00e1til. En el interior encontramos numerosos bolsillos organizadores para accesorios. Correa extra\u00edble diagonal y con espacio para tarjeta identificativa. Dos asas acolchadas y dos bolsillos grandes exteriores con cremallera. Su correa en la parte trasera se puede a\u00f1adir a cualquier trolley. Dimensiones y volumen: 40x32x11cm &#8211; 14L<\/p>\n<p><strong>Composici\u00f3n:<\/strong> Shantung Pongee 100% poli\u00e9ster con PU backing y PU coating | <strong>Tallas:<\/strong> UD<\/p>","protected":false},"excerpt":{"rendered":"<p>Elegante maleta de negocios para llevar el port\u00e1til. Tres compartimentos grandes con acolchado interno para proteger tu port\u00e1til. En el interior encontramos numerosos bolsillos organizadores para accesorios. Correa extra\u00edble diagonal y con espacio pa<\/p>","protected":false},"featured_media":234282,"comment_status":"open","ping_status":"closed","template":"","meta":{"_acf_changed":false},"product_brand":[10446],"product_cat":[15146],"product_tag":[],"class_list":{"0":"post-225682","1":"product","2":"type-product","3":"status-publish","4":"has-post-thumbnail","6":"product_brand-clique","7":"product_cat-bolsas","8":"tm-no-options","10":"first","11":"instock","12":"taxable","13":"shipping-taxable","14":"product-type-variable"},"acf":[],"_links":{"self":[{"href":"https:\/\/grupotextil.es\/en\/wp-json\/wp\/v2\/product\/225682","targetHints":{"allow":["GET"]}}],"collection":[{"href":"https:\/\/grupotextil.es\/en\/wp-json\/wp\/v2\/product"}],"about":[{"href":"https:\/\/grupotextil.es\/en\/wp-json\/wp\/v2\/types\/product"}],"replies":[{"embeddable":true,"href":"https:\/\/grupotextil.es\/en\/wp-json\/wp\/v2\/comments?post=225682"}],"wp:featuredmedia":[{"embeddable":true,"href":"https:\/\/grupotextil.es\/en\/wp-json\/wp\/v2\/media\/234282"}],"wp:attachment":[{"href":"https:\/\/grupotextil.es\/en\/wp-json\/wp\/v2\/media?parent=225682"}],"wp:term":[{"taxonomy":"product_brand","embeddable":true,"href":"https:\/\/grupotextil.es\/en\/wp-json\/wp\/v2\/product_brand?post=225682"},{"taxonomy":"product_cat","embeddable":true,"href":"https:\/\/grupotextil.es\/en\/wp-json\/wp\/v2\/product_cat?post=225682"},{"taxonomy":"product_tag","embeddable":true,"href":"https:\/\/grupotextil.es\/en\/wp-json\/wp\/v2\/product_tag?post=225682"}],"curies":[{"name":"wp","href":"https:\/\/api.w.org\/{rel}","templated":true}]}}