{"id":225793,"date":"2026-03-04T06:18:26","date_gmt":"2026-03-04T05:18:26","guid":{"rendered":"https:\/\/grupotextil.es\/producto\/brooklyn\/"},"modified":"2026-04-26T04:05:28","modified_gmt":"2026-04-26T02:05:28","slug":"brooklyn","status":"publish","type":"product","link":"https:\/\/grupotextil.es\/en\/product\/brooklyn\/","title":{"rendered":"Brooklyn"},"content":{"rendered":"<p>Camiseta holgada unisex con ajuste m\u00e1s largo. Espalda con canal\u00e9 vertical y dobladillo redondeado. Tapeta reforzada y de f\u00e1cil re etiquetado.<\/p>\n<p><strong>Composici\u00f3n:<\/strong> 100% Algod\u00f3n | <strong>Peso:<\/strong> 145 g\/m2 | <strong>Tallas:<\/strong> XS-3XL<\/p>","protected":false},"excerpt":{"rendered":"<p>Camiseta holgada unisex con ajuste m\u00e1s largo. Espalda con canal\u00e9 vertical y dobladillo redondeado. Tapeta reforzada y de f\u00e1cil re etiquetado.<\/p>","protected":false},"featured_media":234326,"comment_status":"open","ping_status":"closed","template":"","meta":{"_acf_changed":false},"product_brand":[10446],"product_cat":[13995],"product_tag":[],"class_list":{"0":"post-225793","1":"product","2":"type-product","3":"status-publish","4":"has-post-thumbnail","6":"product_brand-clique","7":"product_cat-n-camisetas","8":"tm-no-options","10":"first","11":"instock","12":"taxable","13":"shipping-taxable","14":"product-type-variable"},"acf":[],"_links":{"self":[{"href":"https:\/\/grupotextil.es\/en\/wp-json\/wp\/v2\/product\/225793","targetHints":{"allow":["GET"]}}],"collection":[{"href":"https:\/\/grupotextil.es\/en\/wp-json\/wp\/v2\/product"}],"about":[{"href":"https:\/\/grupotextil.es\/en\/wp-json\/wp\/v2\/types\/product"}],"replies":[{"embeddable":true,"href":"https:\/\/grupotextil.es\/en\/wp-json\/wp\/v2\/comments?post=225793"}],"wp:featuredmedia":[{"embeddable":true,"href":"https:\/\/grupotextil.es\/en\/wp-json\/wp\/v2\/media\/234326"}],"wp:attachment":[{"href":"https:\/\/grupotextil.es\/en\/wp-json\/wp\/v2\/media?parent=225793"}],"wp:term":[{"taxonomy":"product_brand","embeddable":true,"href":"https:\/\/grupotextil.es\/en\/wp-json\/wp\/v2\/product_brand?post=225793"},{"taxonomy":"product_cat","embeddable":true,"href":"https:\/\/grupotextil.es\/en\/wp-json\/wp\/v2\/product_cat?post=225793"},{"taxonomy":"product_tag","embeddable":true,"href":"https:\/\/grupotextil.es\/en\/wp-json\/wp\/v2\/product_tag?post=225793"}],"curies":[{"name":"wp","href":"https:\/\/api.w.org\/{rel}","templated":true}]}}