{"id":225840,"date":"2026-03-04T06:18:49","date_gmt":"2026-03-04T05:18:49","guid":{"rendered":"https:\/\/grupotextil.es\/producto\/9520-projob-insole-mid\/"},"modified":"2026-04-19T04:06:34","modified_gmt":"2026-04-19T02:06:34","slug":"9520-projob-insole-mid","status":"publish","type":"product","link":"https:\/\/grupotextil.es\/en\/product\/9520-projob-insole-mid\/","title":{"rendered":"9520 PROJOB INSOLE, MID"},"content":{"rendered":"<p>PROJOB 9520 es una plantilla que proporciona a tus pies el apoyo que necesitan. Las plantillas est\u00e1n disponibles en tres alturas de arco diferentes para que puedas elegir la que mejor se adapte a tus necesidades. Con materiales cuidadosamente seleccionados, las plantillas le proporcionan una combinaci\u00f3n \u00f3ptima de estabilidad, comodidad y recuperaci\u00f3n de energ\u00eda. Las suelas est\u00e1n fabricadas con una combinaci\u00f3n de v\u00e1stago din\u00e1mico de Customised, geldyna en el tal\u00f3n, PU y espuma de PU. Las plantillas son antiest\u00e1ticas \/ homologadas ESD.<\/p>\n<p>Previene el dolor en las extremidades inferiores. Corrector de postura.<\/p>\n<p>Alivio del dolor en problemas relacionados con los pies, por ejemplo, fascitis plantar.<\/p>\n<p>Alivio del dolor de rodilla, cadera y espalda. Ayuda en caso de sobrepronaci\u00f3n.<\/p>\n<p><strong>Composici\u00f3n:<\/strong> 1: Dynamic arch 2:  Gel pod 3: PU 4: Open cell PU | <strong>Tallas:<\/strong> 35-37-46-48<\/p>","protected":false},"excerpt":{"rendered":"<p>PROJOB 9520 es una plantilla que proporciona a tus pies el apoyo que necesitan. Las plantillas est\u00e1n disponibles en tres alturas de arco diferentes para que puedas elegir la que mejor se adapte a tus necesidades. Con materiales cuidadosamente selecci<\/p>","protected":false},"featured_media":234355,"comment_status":"open","ping_status":"closed","template":"","meta":{"_acf_changed":false},"product_brand":[10531],"product_cat":[15142],"product_tag":[],"class_list":{"0":"post-225840","1":"product","2":"type-product","3":"status-publish","4":"has-post-thumbnail","6":"product_brand-projob","7":"product_cat-calzado","8":"tm-no-options","10":"first","11":"instock","12":"taxable","13":"shipping-taxable","14":"product-type-variable"},"acf":[],"_links":{"self":[{"href":"https:\/\/grupotextil.es\/en\/wp-json\/wp\/v2\/product\/225840","targetHints":{"allow":["GET"]}}],"collection":[{"href":"https:\/\/grupotextil.es\/en\/wp-json\/wp\/v2\/product"}],"about":[{"href":"https:\/\/grupotextil.es\/en\/wp-json\/wp\/v2\/types\/product"}],"replies":[{"embeddable":true,"href":"https:\/\/grupotextil.es\/en\/wp-json\/wp\/v2\/comments?post=225840"}],"wp:featuredmedia":[{"embeddable":true,"href":"https:\/\/grupotextil.es\/en\/wp-json\/wp\/v2\/media\/234355"}],"wp:attachment":[{"href":"https:\/\/grupotextil.es\/en\/wp-json\/wp\/v2\/media?parent=225840"}],"wp:term":[{"taxonomy":"product_brand","embeddable":true,"href":"https:\/\/grupotextil.es\/en\/wp-json\/wp\/v2\/product_brand?post=225840"},{"taxonomy":"product_cat","embeddable":true,"href":"https:\/\/grupotextil.es\/en\/wp-json\/wp\/v2\/product_cat?post=225840"},{"taxonomy":"product_tag","embeddable":true,"href":"https:\/\/grupotextil.es\/en\/wp-json\/wp\/v2\/product_tag?post=225840"}],"curies":[{"name":"wp","href":"https:\/\/api.w.org\/{rel}","templated":true}]}}