{"id":225914,"date":"2026-03-04T06:19:36","date_gmt":"2026-03-04T05:19:36","guid":{"rendered":"https:\/\/grupotextil.es\/producto\/chinos-officer\/"},"modified":"2026-04-19T04:06:35","modified_gmt":"2026-04-19T02:06:35","slug":"chinos-officer","status":"publish","type":"product","link":"https:\/\/grupotextil.es\/en\/product\/chinos-officer\/","title":{"rendered":"Chinos officer"},"content":{"rendered":"<p>Pantalones modernos y ajustados en material agradable y suave para una comodidad \u00f3ptima y libertad de movimiento. La combinaci\u00f3n de algod\u00f3n y elastano asegura que los pantalones vuelvan a su ajuste original despu\u00e9s del lavado. La tela se trata con un tratamiento enzim\u00e1tico que contrae el material y lo vuelve suave y repelente al polvo. Bolsillos traseros con costuras a contraste. Cremallera YKK.<\/p>\n<p><strong>Composici\u00f3n:<\/strong> 98% algod\u00f3n, 2% elastano, 280-290g\/m\u00b2 | <strong>Peso:<\/strong> 280-290 g\/m\u00b2 | <strong>Tallas:<\/strong> 2932-4034 (180, 600: 2932-4036)<\/p>","protected":false},"excerpt":{"rendered":"<p>Pantalones modernos y ajustados en material agradable y suave para una comodidad \u00f3ptima y libertad de movimiento. La combinaci\u00f3n de algod\u00f3n y elastano asegura que los pantalones vuelvan a su ajuste original despu\u00e9s del lavado. La tela se trata con un<\/p>","protected":false},"featured_media":234394,"comment_status":"open","ping_status":"closed","template":"","meta":{"_acf_changed":false},"product_brand":[10521],"product_cat":[13983],"product_tag":[],"class_list":{"0":"post-225914","1":"product","2":"type-product","3":"status-publish","4":"has-post-thumbnail","6":"product_brand-james-harvest","7":"product_cat-h-pantalones","8":"tm-no-options","10":"first","11":"instock","12":"taxable","13":"shipping-taxable","14":"product-type-variable"},"acf":[],"_links":{"self":[{"href":"https:\/\/grupotextil.es\/en\/wp-json\/wp\/v2\/product\/225914","targetHints":{"allow":["GET"]}}],"collection":[{"href":"https:\/\/grupotextil.es\/en\/wp-json\/wp\/v2\/product"}],"about":[{"href":"https:\/\/grupotextil.es\/en\/wp-json\/wp\/v2\/types\/product"}],"replies":[{"embeddable":true,"href":"https:\/\/grupotextil.es\/en\/wp-json\/wp\/v2\/comments?post=225914"}],"wp:featuredmedia":[{"embeddable":true,"href":"https:\/\/grupotextil.es\/en\/wp-json\/wp\/v2\/media\/234394"}],"wp:attachment":[{"href":"https:\/\/grupotextil.es\/en\/wp-json\/wp\/v2\/media?parent=225914"}],"wp:term":[{"taxonomy":"product_brand","embeddable":true,"href":"https:\/\/grupotextil.es\/en\/wp-json\/wp\/v2\/product_brand?post=225914"},{"taxonomy":"product_cat","embeddable":true,"href":"https:\/\/grupotextil.es\/en\/wp-json\/wp\/v2\/product_cat?post=225914"},{"taxonomy":"product_tag","embeddable":true,"href":"https:\/\/grupotextil.es\/en\/wp-json\/wp\/v2\/product_tag?post=225914"}],"curies":[{"name":"wp","href":"https:\/\/api.w.org\/{rel}","templated":true}]}}