{"id":225973,"date":"2026-03-04T06:20:11","date_gmt":"2026-03-04T05:20:11","guid":{"rendered":"https:\/\/grupotextil.es\/producto\/basic-active-hoody-full-zip\/"},"modified":"2026-04-19T04:06:35","modified_gmt":"2026-04-19T02:06:35","slug":"basic-active-hoody-full-zip","status":"publish","type":"product","link":"https:\/\/grupotextil.es\/en\/product\/basic-active-hoody-full-zip\/","title":{"rendered":"Basic Active Hoody Full Zip"},"content":{"rendered":"<p>Sudadera t\u00e9cnica spun dyed, cremallera entera a tono, dos bolsillos frontales con cremallera y un bolsillo con cremallera en manga. Cord\u00f3n plano en capucha, tapeta herringbone y canal\u00e9 en pu\u00f1os y cintura. Bolsillo con soluci\u00f3n para auriculares. De f\u00e1cil re etiquetado.<\/p>\n<p><strong>Composici\u00f3n:<\/strong> 100% Poli\u00e9ster | <strong>Peso:<\/strong> 280 g\/m2 | <strong>Tallas:<\/strong> XS-4XL<\/p>","protected":false},"excerpt":{"rendered":"<p>Sudadera t\u00e9cnica spun dyed, cremallera entera a tono, dos bolsillos frontales con cremallera y un bolsillo con cremallera en manga. Cord\u00f3n plano en capucha, tapeta herringbone y canal\u00e9 en pu\u00f1os y cintura. Bolsillo con soluci\u00f3n para auriculares. De f\u00e1<\/p>","protected":false},"featured_media":234422,"comment_status":"open","ping_status":"closed","template":"","meta":{"_acf_changed":false},"product_brand":[10446],"product_cat":[13980],"product_tag":[],"class_list":{"0":"post-225973","1":"product","2":"type-product","3":"status-publish","4":"has-post-thumbnail","6":"product_brand-clique","7":"product_cat-h-sudaderas","8":"tm-no-options","10":"first","11":"instock","12":"taxable","13":"shipping-taxable","14":"product-type-variable"},"acf":[],"_links":{"self":[{"href":"https:\/\/grupotextil.es\/en\/wp-json\/wp\/v2\/product\/225973","targetHints":{"allow":["GET"]}}],"collection":[{"href":"https:\/\/grupotextil.es\/en\/wp-json\/wp\/v2\/product"}],"about":[{"href":"https:\/\/grupotextil.es\/en\/wp-json\/wp\/v2\/types\/product"}],"replies":[{"embeddable":true,"href":"https:\/\/grupotextil.es\/en\/wp-json\/wp\/v2\/comments?post=225973"}],"wp:featuredmedia":[{"embeddable":true,"href":"https:\/\/grupotextil.es\/en\/wp-json\/wp\/v2\/media\/234422"}],"wp:attachment":[{"href":"https:\/\/grupotextil.es\/en\/wp-json\/wp\/v2\/media?parent=225973"}],"wp:term":[{"taxonomy":"product_brand","embeddable":true,"href":"https:\/\/grupotextil.es\/en\/wp-json\/wp\/v2\/product_brand?post=225973"},{"taxonomy":"product_cat","embeddable":true,"href":"https:\/\/grupotextil.es\/en\/wp-json\/wp\/v2\/product_cat?post=225973"},{"taxonomy":"product_tag","embeddable":true,"href":"https:\/\/grupotextil.es\/en\/wp-json\/wp\/v2\/product_tag?post=225973"}],"curies":[{"name":"wp","href":"https:\/\/api.w.org\/{rel}","templated":true}]}}