{"id":226018,"date":"2026-03-04T06:20:41","date_gmt":"2026-03-04T05:20:41","guid":{"rendered":"https:\/\/grupotextil.es\/producto\/2-0-duffle\/"},"modified":"2026-04-19T04:06:35","modified_gmt":"2026-04-19T02:06:35","slug":"2-0-duffle","status":"publish","type":"product","link":"https:\/\/grupotextil.es\/en\/product\/2-0-duffle\/","title":{"rendered":"2.0 Duffle"},"content":{"rendered":"<p>Vers\u00e1til y con excelente ventilaci\u00f3n. El principal compartimento tiene bolsillos con cremallera para una mejor organizaci\u00f3n. Se lleva con dos asas o con asa extra\u00edble que lleva una hendidura para su tarjeta de visita. A los lados tiene compartimento para zapatos o toalla. Dimensiones y vol\u00famen: 48&#215;25,5&#215;28,5cm -34L<\/p>\n<p><strong>Composici\u00f3n:<\/strong> Shantung Pongee 100% poli\u00e9ster con PU backing y PU coating | <strong>Tallas:<\/strong> UD<\/p>","protected":false},"excerpt":{"rendered":"<p>Vers\u00e1til y con excelente ventilaci\u00f3n. El principal compartimento tiene bolsillos con cremallera para una mejor organizaci\u00f3n. Se lleva con dos asas o con asa extra\u00edble que lleva una hendidura para su tarjeta de visita. A los lados tiene compartimento<\/p>","protected":false},"featured_media":234438,"comment_status":"open","ping_status":"closed","template":"","meta":{"_acf_changed":false},"product_brand":[10446],"product_cat":[15146],"product_tag":[],"class_list":{"0":"post-226018","1":"product","2":"type-product","3":"status-publish","4":"has-post-thumbnail","6":"product_brand-clique","7":"product_cat-bolsas","8":"tm-no-options","10":"first","11":"instock","12":"taxable","13":"shipping-taxable","14":"product-type-variable"},"acf":[],"_links":{"self":[{"href":"https:\/\/grupotextil.es\/en\/wp-json\/wp\/v2\/product\/226018","targetHints":{"allow":["GET"]}}],"collection":[{"href":"https:\/\/grupotextil.es\/en\/wp-json\/wp\/v2\/product"}],"about":[{"href":"https:\/\/grupotextil.es\/en\/wp-json\/wp\/v2\/types\/product"}],"replies":[{"embeddable":true,"href":"https:\/\/grupotextil.es\/en\/wp-json\/wp\/v2\/comments?post=226018"}],"wp:featuredmedia":[{"embeddable":true,"href":"https:\/\/grupotextil.es\/en\/wp-json\/wp\/v2\/media\/234438"}],"wp:attachment":[{"href":"https:\/\/grupotextil.es\/en\/wp-json\/wp\/v2\/media?parent=226018"}],"wp:term":[{"taxonomy":"product_brand","embeddable":true,"href":"https:\/\/grupotextil.es\/en\/wp-json\/wp\/v2\/product_brand?post=226018"},{"taxonomy":"product_cat","embeddable":true,"href":"https:\/\/grupotextil.es\/en\/wp-json\/wp\/v2\/product_cat?post=226018"},{"taxonomy":"product_tag","embeddable":true,"href":"https:\/\/grupotextil.es\/en\/wp-json\/wp\/v2\/product_tag?post=226018"}],"curies":[{"name":"wp","href":"https:\/\/api.w.org\/{rel}","templated":true}]}}