{"id":226148,"date":"2026-03-04T06:22:00","date_gmt":"2026-03-04T05:22:00","guid":{"rendered":"https:\/\/grupotextil.es\/producto\/core-wool-merino-set-w\/"},"modified":"2026-04-19T04:06:36","modified_gmt":"2026-04-19T02:06:36","slug":"core-wool-merino-set-w","status":"publish","type":"product","link":"https:\/\/grupotextil.es\/en\/product\/core-wool-merino-set-w\/","title":{"rendered":"CORE Wool Merino Set W"},"content":{"rendered":"<p>Core Wool Merino Set incluye una camiseta interior de manga larga y pantalones hechos de una suave mezcla de lana merino y poli\u00e9ster que te mantiene seco y c\u00e1lido durante todo el d\u00eda.<\/p>\n<p>La combinaci\u00f3n de lana merino sin mulesing y poli\u00e9ster altamente funcional asegura una excelente termorregulaci\u00f3n durante actividades de intensidad baja a media. Adem\u00e1s, las fibras suaves y finas del tejido brindan un tacto suave contra la piel, lo que convierte a las prendas en una excelente opci\u00f3n para el esqu\u00ed alpino, el trekking y la caza.<\/p>\n<p>\u2022 Mezcla c\u00e1lida y funcional de lana merino y poli\u00e9ster<\/p>\n<p>\u2022 Proporciona calor incluso cuando est\u00e1 mojado<\/p>\n<p>\u2022 Ajuste ergon\u00f3mico<\/p>\n<p>\u2022 Inodoro por naturaleza<\/p>\n<p>\u2022 Lana no mulesing<\/p>\n<p>\u2022 Calce normal<\/p>\n<p>\u2022 Transporte de humedad: 2 de 5<\/p>\n<p>\u2022 Nivel de actividad: 2 de 5<\/p>\n<p>\u2022 Temperatura: -15 \u00baC a -5 \u00baC<\/p>\n<p><strong>Composici\u00f3n:<\/strong> 47% Poli\u00e9ster 42% Lana 11% Poliamida | <strong>Tallas:<\/strong> XS-XXL<\/p>","protected":false},"excerpt":{"rendered":"<p>Core Wool Merino Set incluye una camiseta interior de manga larga y pantalones hechos de una suave mezcla de lana merino y poli\u00e9ster que te mantiene seco y c\u00e1lido durante todo el d\u00eda.<\/p>","protected":false},"featured_media":234502,"comment_status":"open","ping_status":"closed","template":"","meta":{"_acf_changed":false},"product_brand":[10489],"product_cat":[15145],"product_tag":[],"class_list":{"0":"post-226148","1":"product","2":"type-product","3":"status-publish","4":"has-post-thumbnail","6":"product_brand-craft","7":"product_cat-conjuntos","8":"tm-no-options","10":"first","11":"instock","12":"taxable","13":"shipping-taxable","14":"product-type-variable"},"acf":[],"_links":{"self":[{"href":"https:\/\/grupotextil.es\/en\/wp-json\/wp\/v2\/product\/226148","targetHints":{"allow":["GET"]}}],"collection":[{"href":"https:\/\/grupotextil.es\/en\/wp-json\/wp\/v2\/product"}],"about":[{"href":"https:\/\/grupotextil.es\/en\/wp-json\/wp\/v2\/types\/product"}],"replies":[{"embeddable":true,"href":"https:\/\/grupotextil.es\/en\/wp-json\/wp\/v2\/comments?post=226148"}],"wp:featuredmedia":[{"embeddable":true,"href":"https:\/\/grupotextil.es\/en\/wp-json\/wp\/v2\/media\/234502"}],"wp:attachment":[{"href":"https:\/\/grupotextil.es\/en\/wp-json\/wp\/v2\/media?parent=226148"}],"wp:term":[{"taxonomy":"product_brand","embeddable":true,"href":"https:\/\/grupotextil.es\/en\/wp-json\/wp\/v2\/product_brand?post=226148"},{"taxonomy":"product_cat","embeddable":true,"href":"https:\/\/grupotextil.es\/en\/wp-json\/wp\/v2\/product_cat?post=226148"},{"taxonomy":"product_tag","embeddable":true,"href":"https:\/\/grupotextil.es\/en\/wp-json\/wp\/v2\/product_tag?post=226148"}],"curies":[{"name":"wp","href":"https:\/\/api.w.org\/{rel}","templated":true}]}}